{"id":965,"date":"2022-09-07T11:15:12","date_gmt":"2022-09-07T11:15:12","guid":{"rendered":"http:\/\/muzej.acocvetic.com\/?page_id=965"},"modified":"2022-09-08T08:40:56","modified_gmt":"2022-09-08T08:40:56","slug":"museum-tv","status":"publish","type":"page","link":"https:\/\/pedagoskimuzej.org.rs\/en\/museum-tv\/","title":{"rendered":"Museum TV"},"content":{"rendered":"<p>[et_pb_section fb_built=&#8221;1&#8243; _builder_version=&#8221;4.18.0&#8243; _module_preset=&#8221;default&#8221; background_image=&#8221;http:\/\/pedagoskimuzej.org.rs\/wp-content\/uploads\/2022\/09\/cropped-realka1-1400&#215;5002-1.jpg&#8221; custom_padding=&#8221;200px||200px||true|false&#8221; global_colors_info=&#8221;{}&#8221;][et_pb_row _builder_version=&#8221;4.18.0&#8243; _module_preset=&#8221;default&#8221; global_colors_info=&#8221;{}&#8221;][et_pb_column type=&#8221;4_4&#8243; _builder_version=&#8221;4.18.0&#8243; _module_preset=&#8221;default&#8221; global_colors_info=&#8221;{}&#8221;][\/et_pb_column][\/et_pb_row][\/et_pb_section][et_pb_section fb_built=&#8221;1&#8243; _builder_version=&#8221;4.18.0&#8243; _module_preset=&#8221;default&#8221; background_color=&#8221;#3e3e3e&#8221; custom_padding=&#8221;0px||0px||true|false&#8221; global_colors_info=&#8221;{}&#8221;][et_pb_row custom_padding_last_edited=&#8221;on|tablet&#8221; _builder_version=&#8221;4.18.0&#8243; _module_preset=&#8221;default&#8221; custom_padding=&#8221;30px||20px||false|false&#8221; custom_padding_tablet=&#8221;&#8221; custom_padding_phone=&#8221;&#8221; hover_enabled=&#8221;0&#8243; global_colors_info=&#8221;{}&#8221; width=&#8221;100%&#8221; max_width=&#8221;1200px&#8221; sticky_enabled=&#8221;0&#8243;][et_pb_column type=&#8221;4_4&#8243; _builder_version=&#8221;4.18.0&#8243; _module_preset=&#8221;default&#8221; global_colors_info=&#8221;{}&#8221;][et_pb_text _builder_version=&#8221;4.18.0&#8243; _module_preset=&#8221;default&#8221; header_font=&#8221;Lato||||||||&#8221; header_text_color=&#8221;#bbbbbb&#8221; header_font_size=&#8221;24px&#8221; hover_enabled=&#8221;0&#8243; global_colors_info=&#8221;{}&#8221; custom_padding_last_edited=&#8221;on|tablet&#8221; sticky_enabled=&#8221;0&#8243; custom_padding_tablet=&#8221;|20px||20px|false|true&#8221; custom_padding_phone=&#8221;|20px||20px|false|true&#8221;]<\/p>\n<h1 class=\"header-post-title-class\">Museum TV<\/h1>\n<p>[\/et_pb_text][\/et_pb_column][\/et_pb_row][\/et_pb_section][et_pb_section fb_built=&#8221;1&#8243; _builder_version=&#8221;4.18.0&#8243; _module_preset=&#8221;default&#8221; background_color=&#8221;#292929&#8243; custom_padding=&#8221;0px||||false|false&#8221; locked=&#8221;off&#8221; global_colors_info=&#8221;{}&#8221;][et_pb_row custom_padding_last_edited=&#8221;on|tablet&#8221; _builder_version=&#8221;4.18.0&#8243; _module_preset=&#8221;default&#8221; custom_padding=&#8221;|180px||180px|false|true&#8221; custom_padding_tablet=&#8221;|40px||40px|false|true&#8221; custom_padding_phone=&#8221;|20px||20px|false|true&#8221; global_colors_info=&#8221;{}&#8221;][et_pb_column type=&#8221;4_4&#8243; _builder_version=&#8221;4.18.0&#8243; _module_preset=&#8221;default&#8221; global_colors_info=&#8221;{}&#8221;][et_pb_video src=&#8221;https:\/\/www.youtube.com\/watch?v=0YpQUYgbhek&#8221; _builder_version=&#8221;4.18.0&#8243; _module_preset=&#8221;default&#8221; module_alignment=&#8221;center&#8221; global_colors_info=&#8221;{}&#8221;][\/et_pb_video][et_pb_text _builder_version=&#8221;4.18.0&#8243; _module_preset=&#8221;default&#8221; text_font=&#8221;Lato||||||||&#8221; text_text_color=&#8221;#bbbbbb&#8221; text_font_size=&#8221;16px&#8221; header_3_font=&#8221;Lato||||||||&#8221; header_3_text_color=&#8221;#bbbbbb&#8221; header_3_font_size=&#8221;26px&#8221; header_3_font_size_tablet=&#8221;26px&#8221; header_3_font_size_phone=&#8221;26px&#8221; header_3_font_size_last_edited=&#8221;on|phone&#8221; locked=&#8221;off&#8221; global_colors_info=&#8221;{}&#8221;]<\/p>\n<p><span>Apperance on \u201eNovo Jutro\u201c TV show<\/span><\/p>\n<p>[\/et_pb_text][et_pb_video src=&#8221;https:\/\/www.youtube.com\/watch?v=p714orPW8CQ&#8221; _builder_version=&#8221;4.18.0&#8243; _module_preset=&#8221;default&#8221; module_alignment=&#8221;center&#8221; global_colors_info=&#8221;{}&#8221;][\/et_pb_video][et_pb_text _builder_version=&#8221;4.18.0&#8243; _module_preset=&#8221;default&#8221; text_font=&#8221;Lato||||||||&#8221; text_text_color=&#8221;#bbbbbb&#8221; text_font_size=&#8221;16px&#8221; header_3_font=&#8221;Lato||||||||&#8221; header_3_text_color=&#8221;#bbbbbb&#8221; header_3_font_size=&#8221;26px&#8221; header_3_font_size_tablet=&#8221;26px&#8221; header_3_font_size_phone=&#8221;26px&#8221; header_3_font_size_last_edited=&#8221;on|phone&#8221; locked=&#8221;off&#8221; global_colors_info=&#8221;{}&#8221;]<\/p>\n<p><span>Apperance on\u00a0 \u201eStudio B\u201c TV show<\/span><\/p>\n<p>[\/et_pb_text][et_pb_video src=&#8221;https:\/\/www.youtube.com\/watch?v=jhdlmyBGQ0s&#8221; _builder_version=&#8221;4.18.0&#8243; _module_preset=&#8221;default&#8221; module_alignment=&#8221;center&#8221; global_colors_info=&#8221;{}&#8221;][\/et_pb_video][et_pb_text _builder_version=&#8221;4.18.0&#8243; _module_preset=&#8221;default&#8221; text_font=&#8221;Lato||||||||&#8221; text_text_color=&#8221;#bbbbbb&#8221; text_font_size=&#8221;16px&#8221; header_3_font=&#8221;Lato||||||||&#8221; header_3_text_color=&#8221;#bbbbbb&#8221; header_3_font_size=&#8221;26px&#8221; header_3_font_size_tablet=&#8221;26px&#8221; header_3_font_size_phone=&#8221;26px&#8221; header_3_font_size_last_edited=&#8221;on|phone&#8221; locked=&#8221;off&#8221; global_colors_info=&#8221;{}&#8221;]<\/p>\n<p><span>Apperance on\u00a0 \u201eHappy\u201c TV Serbia<\/span><\/p>\n<p>[\/et_pb_text][et_pb_video src=&#8221;https:\/\/www.youtube.com\/watch?v=jLjqawihSwU&#8221; _builder_version=&#8221;4.18.0&#8243; _module_preset=&#8221;default&#8221; module_alignment=&#8221;center&#8221; global_colors_info=&#8221;{}&#8221;][\/et_pb_video][et_pb_text _builder_version=&#8221;4.18.0&#8243; _module_preset=&#8221;default&#8221; text_font=&#8221;Lato||||||||&#8221; text_text_color=&#8221;#bbbbbb&#8221; text_font_size=&#8221;16px&#8221; header_3_font=&#8221;Lato||||||||&#8221; header_3_text_color=&#8221;#bbbbbb&#8221; header_3_font_size=&#8221;26px&#8221; header_3_font_size_tablet=&#8221;26px&#8221; header_3_font_size_phone=&#8221;26px&#8221; header_3_font_size_last_edited=&#8221;on|phone&#8221; locked=&#8221;off&#8221; global_colors_info=&#8221;{}&#8221;]<\/p>\n<p><span>Apperance on\u00a0 \u201eTV Pink\u201c TV show<\/span><\/p>\n<p>[\/et_pb_text][et_pb_video src=&#8221;https:\/\/www.youtube.com\/watch?v=nc_4imgEjvk&#038;gl=US&#038;hl=en&#8221; _builder_version=&#8221;4.18.0&#8243; _module_preset=&#8221;default&#8221; module_alignment=&#8221;center&#8221; global_colors_info=&#8221;{}&#8221;][\/et_pb_video][et_pb_text _builder_version=&#8221;4.18.0&#8243; _module_preset=&#8221;default&#8221; text_font=&#8221;Lato||||||||&#8221; text_text_color=&#8221;#bbbbbb&#8221; text_font_size=&#8221;16px&#8221; header_3_font=&#8221;Lato||||||||&#8221; header_3_text_color=&#8221;#bbbbbb&#8221; header_3_font_size=&#8221;26px&#8221; header_3_font_size_tablet=&#8221;26px&#8221; header_3_font_size_phone=&#8221;26px&#8221; header_3_font_size_last_edited=&#8221;on|phone&#8221; locked=&#8221;off&#8221; global_colors_info=&#8221;{}&#8221;]<\/p>\n<p><span>Apperance on RTS TV \u201eSrbija na Vezi\u201c<\/span><\/p>\n<p>[\/et_pb_text][et_pb_video src=&#8221;https:\/\/www.youtube.com\/watch?v=s4PXgkkbxr8&#8243; _builder_version=&#8221;4.18.0&#8243; _module_preset=&#8221;default&#8221; module_alignment=&#8221;center&#8221; global_colors_info=&#8221;{}&#8221;][\/et_pb_video][et_pb_text _builder_version=&#8221;4.18.0&#8243; _module_preset=&#8221;default&#8221; text_font=&#8221;Lato||||||||&#8221; text_text_color=&#8221;#bbbbbb&#8221; text_font_size=&#8221;16px&#8221; header_3_font=&#8221;Lato||||||||&#8221; header_3_text_color=&#8221;#bbbbbb&#8221; header_3_font_size=&#8221;26px&#8221; header_3_font_size_tablet=&#8221;26px&#8221; header_3_font_size_phone=&#8221;26px&#8221; header_3_font_size_last_edited=&#8221;on|phone&#8221; locked=&#8221;off&#8221; global_colors_info=&#8221;{}&#8221;]<\/p>\n<p><span>Concert Uralskog Orkestra \u2013 02.11.2019.<\/span><\/p>\n<p>[\/et_pb_text][et_pb_video src=&#8221;https:\/\/www.youtube.com\/watch?v=MbF3g_Bey1w&#8221; _builder_version=&#8221;4.18.0&#8243; _module_preset=&#8221;default&#8221; module_alignment=&#8221;center&#8221; global_colors_info=&#8221;{}&#8221;][\/et_pb_video][et_pb_text _builder_version=&#8221;4.18.0&#8243; _module_preset=&#8221;default&#8221; text_font=&#8221;Lato||||||||&#8221; text_text_color=&#8221;#bbbbbb&#8221; text_font_size=&#8221;16px&#8221; header_3_font=&#8221;Lato||||||||&#8221; header_3_text_color=&#8221;#bbbbbb&#8221; header_3_font_size=&#8221;26px&#8221; header_3_font_size_tablet=&#8221;26px&#8221; header_3_font_size_phone=&#8221;26px&#8221; header_3_font_size_last_edited=&#8221;on|phone&#8221; locked=&#8221;off&#8221; global_colors_info=&#8221;{}&#8221;]<\/p>\n<p><span>Apperance\u00a0\u201eMalog dnevnika\u201c at the Pedagoski Museum<\/span><\/p>\n<p>[\/et_pb_text][\/et_pb_column][\/et_pb_row][\/et_pb_section]<\/p>\n","protected":false},"excerpt":{"rendered":"<p>Museum TVApperance on \u201eNovo Jutro\u201c TV showApperance on\u00a0 \u201eStudio B\u201c TV showApperance on\u00a0 \u201eHappy\u201c TV SerbiaApperance on\u00a0 \u201eTV Pink\u201c TV showApperance on RTS TV \u201eSrbija na Vezi\u201cConcert Uralskog Orkestra \u2013 02.11.2019.Apperance\u00a0\u201eMalog dnevnika\u201c at the Pedagoski Museum<\/p>\n","protected":false},"author":6,"featured_media":0,"parent":0,"menu_order":0,"comment_status":"closed","ping_status":"closed","template":"","meta":{"_et_pb_use_builder":"on","_et_pb_old_content":"","_et_gb_content_width":"","footnotes":""},"class_list":["post-965","page","type-page","status-publish","hentry"],"yoast_head":"<!-- This site is optimized with the Yoast SEO plugin v27.2 - https:\/\/yoast.com\/product\/yoast-seo-wordpress\/ -->\n<title>Museum TV - Pedago\u0161ki Muzej - \u010cuvar istorije srpskog\u0161kolstva<\/title>\n<meta name=\"robots\" content=\"index, follow, max-snippet:-1, max-image-preview:large, max-video-preview:-1\" \/>\n<link rel=\"canonical\" href=\"https:\/\/pedagoskimuzej.org.rs\/museum-tv\/\" \/>\n<meta property=\"og:locale\" content=\"en_US\" \/>\n<meta property=\"og:type\" content=\"article\" \/>\n<meta property=\"og:title\" content=\"Museum TV - Pedago\u0161ki Muzej - \u010cuvar istorije srpskog\u0161kolstva\" \/>\n<meta property=\"og:description\" content=\"Museum TVApperance on \u201eNovo Jutro\u201c TV showApperance on\u00a0 \u201eStudio B\u201c TV showApperance on\u00a0 \u201eHappy\u201c TV SerbiaApperance on\u00a0 \u201eTV Pink\u201c TV showApperance on RTS TV \u201eSrbija na Vezi\u201cConcert Uralskog Orkestra \u2013 02.11.2019.Apperance\u00a0\u201eMalog dnevnika\u201c at the Pedagoski Museum\" \/>\n<meta property=\"og:url\" content=\"https:\/\/pedagoskimuzej.org.rs\/museum-tv\/\" \/>\n<meta property=\"og:site_name\" content=\"Pedago\u0161ki Muzej - \u010cuvar istorije srpskog\u0161kolstva\" \/>\n<meta property=\"article:modified_time\" content=\"2022-09-08T08:40:56+00:00\" \/>\n<meta name=\"twitter:card\" content=\"summary_large_image\" \/>\n<meta name=\"twitter:label1\" content=\"Est. reading time\" \/>\n\t<meta name=\"twitter:data1\" content=\"4 minutes\" \/>\n<script type=\"application\/ld+json\" class=\"yoast-schema-graph\">{\"@context\":\"https:\/\/schema.org\",\"@graph\":[{\"@type\":\"WebPage\",\"@id\":\"https:\/\/pedagoskimuzej.org.rs\/museum-tv\/\",\"url\":\"https:\/\/pedagoskimuzej.org.rs\/museum-tv\/\",\"name\":\"Museum TV - Pedago\u0161ki Muzej - \u010cuvar istorije srpskog\u0161kolstva\",\"isPartOf\":{\"@id\":\"https:\/\/pedagoskimuzej.org.rs\/#website\"},\"datePublished\":\"2022-09-07T11:15:12+00:00\",\"dateModified\":\"2022-09-08T08:40:56+00:00\",\"breadcrumb\":{\"@id\":\"https:\/\/pedagoskimuzej.org.rs\/museum-tv\/#breadcrumb\"},\"inLanguage\":\"en-US\",\"potentialAction\":[{\"@type\":\"ReadAction\",\"target\":[\"https:\/\/pedagoskimuzej.org.rs\/museum-tv\/\"]}]},{\"@type\":\"BreadcrumbList\",\"@id\":\"https:\/\/pedagoskimuzej.org.rs\/museum-tv\/#breadcrumb\",\"itemListElement\":[{\"@type\":\"ListItem\",\"position\":1,\"name\":\"Po\u010detna\",\"item\":\"https:\/\/pedagoskimuzej.org.rs\/home\/\"},{\"@type\":\"ListItem\",\"position\":2,\"name\":\"Museum TV\"}]},{\"@type\":\"WebSite\",\"@id\":\"https:\/\/pedagoskimuzej.org.rs\/#website\",\"url\":\"https:\/\/pedagoskimuzej.org.rs\/\",\"name\":\"Pedago\u0161ki Muzej - \u010cuvar istorije srpskog\u0161kolstva\",\"description\":\"\",\"potentialAction\":[{\"@type\":\"SearchAction\",\"target\":{\"@type\":\"EntryPoint\",\"urlTemplate\":\"https:\/\/pedagoskimuzej.org.rs\/?s={search_term_string}\"},\"query-input\":{\"@type\":\"PropertyValueSpecification\",\"valueRequired\":true,\"valueName\":\"search_term_string\"}}],\"inLanguage\":\"en-US\"}]}<\/script>\n<!-- \/ Yoast SEO plugin. -->","yoast_head_json":{"title":"Museum TV - Pedago\u0161ki Muzej - \u010cuvar istorije srpskog\u0161kolstva","robots":{"index":"index","follow":"follow","max-snippet":"max-snippet:-1","max-image-preview":"max-image-preview:large","max-video-preview":"max-video-preview:-1"},"canonical":"https:\/\/pedagoskimuzej.org.rs\/museum-tv\/","og_locale":"en_US","og_type":"article","og_title":"Museum TV - Pedago\u0161ki Muzej - \u010cuvar istorije srpskog\u0161kolstva","og_description":"Museum TVApperance on \u201eNovo Jutro\u201c TV showApperance on\u00a0 \u201eStudio B\u201c TV showApperance on\u00a0 \u201eHappy\u201c TV SerbiaApperance on\u00a0 \u201eTV Pink\u201c TV showApperance on RTS TV \u201eSrbija na Vezi\u201cConcert Uralskog Orkestra \u2013 02.11.2019.Apperance\u00a0\u201eMalog dnevnika\u201c at the Pedagoski Museum","og_url":"https:\/\/pedagoskimuzej.org.rs\/museum-tv\/","og_site_name":"Pedago\u0161ki Muzej - \u010cuvar istorije srpskog\u0161kolstva","article_modified_time":"2022-09-08T08:40:56+00:00","twitter_card":"summary_large_image","twitter_misc":{"Est. reading time":"4 minutes"},"schema":{"@context":"https:\/\/schema.org","@graph":[{"@type":"WebPage","@id":"https:\/\/pedagoskimuzej.org.rs\/museum-tv\/","url":"https:\/\/pedagoskimuzej.org.rs\/museum-tv\/","name":"Museum TV - Pedago\u0161ki Muzej - \u010cuvar istorije srpskog\u0161kolstva","isPartOf":{"@id":"https:\/\/pedagoskimuzej.org.rs\/#website"},"datePublished":"2022-09-07T11:15:12+00:00","dateModified":"2022-09-08T08:40:56+00:00","breadcrumb":{"@id":"https:\/\/pedagoskimuzej.org.rs\/museum-tv\/#breadcrumb"},"inLanguage":"en-US","potentialAction":[{"@type":"ReadAction","target":["https:\/\/pedagoskimuzej.org.rs\/museum-tv\/"]}]},{"@type":"BreadcrumbList","@id":"https:\/\/pedagoskimuzej.org.rs\/museum-tv\/#breadcrumb","itemListElement":[{"@type":"ListItem","position":1,"name":"Po\u010detna","item":"https:\/\/pedagoskimuzej.org.rs\/home\/"},{"@type":"ListItem","position":2,"name":"Museum TV"}]},{"@type":"WebSite","@id":"https:\/\/pedagoskimuzej.org.rs\/#website","url":"https:\/\/pedagoskimuzej.org.rs\/","name":"Pedago\u0161ki Muzej - \u010cuvar istorije srpskog\u0161kolstva","description":"","potentialAction":[{"@type":"SearchAction","target":{"@type":"EntryPoint","urlTemplate":"https:\/\/pedagoskimuzej.org.rs\/?s={search_term_string}"},"query-input":{"@type":"PropertyValueSpecification","valueRequired":true,"valueName":"search_term_string"}}],"inLanguage":"en-US"}]}},"_links":{"self":[{"href":"https:\/\/pedagoskimuzej.org.rs\/en\/wp-json\/wp\/v2\/pages\/965","targetHints":{"allow":["GET"]}}],"collection":[{"href":"https:\/\/pedagoskimuzej.org.rs\/en\/wp-json\/wp\/v2\/pages"}],"about":[{"href":"https:\/\/pedagoskimuzej.org.rs\/en\/wp-json\/wp\/v2\/types\/page"}],"author":[{"embeddable":true,"href":"https:\/\/pedagoskimuzej.org.rs\/en\/wp-json\/wp\/v2\/users\/6"}],"replies":[{"embeddable":true,"href":"https:\/\/pedagoskimuzej.org.rs\/en\/wp-json\/wp\/v2\/comments?post=965"}],"version-history":[{"count":4,"href":"https:\/\/pedagoskimuzej.org.rs\/en\/wp-json\/wp\/v2\/pages\/965\/revisions"}],"predecessor-version":[{"id":1037,"href":"https:\/\/pedagoskimuzej.org.rs\/en\/wp-json\/wp\/v2\/pages\/965\/revisions\/1037"}],"wp:attachment":[{"href":"https:\/\/pedagoskimuzej.org.rs\/en\/wp-json\/wp\/v2\/media?parent=965"}],"curies":[{"name":"wp","href":"https:\/\/api.w.org\/{rel}","templated":true}]}}