{"id":961,"date":"2022-09-07T11:09:07","date_gmt":"2022-09-07T11:09:07","guid":{"rendered":"http:\/\/muzej.acocvetic.com\/?page_id=961"},"modified":"2025-04-28T08:58:03","modified_gmt":"2025-04-28T08:58:03","slug":"contact","status":"publish","type":"page","link":"https:\/\/pedagoskimuzej.org.rs\/en\/contact\/","title":{"rendered":"Contact"},"content":{"rendered":"<p>[et_pb_section fb_built=&#8221;1&#8243; _builder_version=&#8221;4.18.0&#8243; _module_preset=&#8221;default&#8221; background_image=&#8221;http:\/\/pedagoskimuzej.org.rs\/wp-content\/uploads\/2022\/09\/cropped-realka1-1400&#215;5002-1.jpg&#8221; custom_padding=&#8221;200px||200px||true|false&#8221; global_colors_info=&#8221;{}&#8221;][et_pb_row _builder_version=&#8221;4.18.0&#8243; _module_preset=&#8221;default&#8221; global_colors_info=&#8221;{}&#8221;][et_pb_column type=&#8221;4_4&#8243; _builder_version=&#8221;4.18.0&#8243; _module_preset=&#8221;default&#8221; global_colors_info=&#8221;{}&#8221;][\/et_pb_column][\/et_pb_row][\/et_pb_section][et_pb_section fb_built=&#8221;1&#8243; _builder_version=&#8221;4.18.0&#8243; _module_preset=&#8221;default&#8221; background_color=&#8221;#3e3e3e&#8221; custom_padding=&#8221;0px||0px||true|false&#8221; global_colors_info=&#8221;{}&#8221;][et_pb_row custom_padding_last_edited=&#8221;on|tablet&#8221; _builder_version=&#8221;4.18.0&#8243; _module_preset=&#8221;default&#8221; custom_padding=&#8221;30px||20px||false|false&#8221; custom_padding_tablet=&#8221;&#8221; custom_padding_phone=&#8221;&#8221; hover_enabled=&#8221;0&#8243; global_colors_info=&#8221;{}&#8221; width=&#8221;100%&#8221; max_width=&#8221;1200px&#8221; sticky_enabled=&#8221;0&#8243;][et_pb_column type=&#8221;4_4&#8243; _builder_version=&#8221;4.18.0&#8243; _module_preset=&#8221;default&#8221; global_colors_info=&#8221;{}&#8221;][et_pb_text _builder_version=&#8221;4.18.0&#8243; _module_preset=&#8221;default&#8221; header_font=&#8221;Lato||||||||&#8221; header_text_color=&#8221;#bbbbbb&#8221; header_font_size=&#8221;24px&#8221; hover_enabled=&#8221;0&#8243; global_colors_info=&#8221;{}&#8221; custom_padding_last_edited=&#8221;on|tablet&#8221; sticky_enabled=&#8221;0&#8243; custom_padding_tablet=&#8221;|20px||20px|false|true&#8221; custom_padding_phone=&#8221;|20px||20px|false|true&#8221;]<\/p>\n<h1 class=\"header-post-title-class\">Contact<\/h1>\n<p>[\/et_pb_text][\/et_pb_column][\/et_pb_row][\/et_pb_section][et_pb_section fb_built=&#8221;1&#8243; _builder_version=&#8221;4.18.0&#8243; _module_preset=&#8221;default&#8221; background_color=&#8221;#292929&#8243; custom_padding=&#8221;0px||||false|false&#8221; locked=&#8221;off&#8221; global_colors_info=&#8221;{}&#8221;][et_pb_row custom_padding_last_edited=&#8221;on|phone&#8221; _builder_version=&#8221;4.18.0&#8243; _module_preset=&#8221;default&#8221; custom_padding=&#8221;|80px||80px|false|true&#8221; custom_padding_tablet=&#8221;|40px||40px|false|true&#8221; custom_padding_phone=&#8221;|20px||20px|false|true&#8221; global_colors_info=&#8221;{}&#8221;][et_pb_column type=&#8221;4_4&#8243; _builder_version=&#8221;4.18.0&#8243; _module_preset=&#8221;default&#8221; global_colors_info=&#8221;{}&#8221;][et_pb_code _builder_version=&#8221;4.18.0&#8243; _module_preset=&#8221;default&#8221; global_colors_info=&#8221;{}&#8221;]<iframe src=\"https:\/\/www.google.com\/maps\/embed?pb=!1m18!1m12!1m3!1d730321.9250528553!2d19.71412267226703!3d44.35474836072548!2m3!1f0!2f0!3f0!3m2!1i1024!2i768!4f13.1!3m3!1m2!1s0x475a654b9a8900e3%3A0x968cab97a12f1bb3!2sMuseum%20of%20Pedagogy!5e0!3m2!1sen!2srs!4v1662223554889!5m2!1sen!2srs\" width=\"100%\" height=\"450\" style=\"border:0;\" allowfullscreen=\"\" loading=\"lazy\" referrerpolicy=\"no-referrer-when-downgrade\"><\/iframe>[\/et_pb_code][et_pb_text _builder_version=&#8221;4.18.0&#8243; _module_preset=&#8221;default&#8221; text_font=&#8221;Lato||||||||&#8221; text_text_color=&#8221;#bbbbbb&#8221; text_font_size=&#8221;16px&#8221; header_3_font=&#8221;Lato||||||||&#8221; header_3_text_color=&#8221;#bbbbbb&#8221; header_3_font_size=&#8221;26px&#8221; header_3_font_size_tablet=&#8221;26px&#8221; header_3_font_size_phone=&#8221;26px&#8221; header_3_font_size_last_edited=&#8221;on|phone&#8221; global_colors_info=&#8221;{}&#8221;]<\/p>\n<p>Educational museum, 11000 Belgrade, Uzun Mirkova 14<\/p>\n<p>Tel: 011 2627-538, 011 2624-239 and 011 2625-621<\/p>\n<p>e-mail:\u00a0<span>\u00a0<\/span><a href=\"mailto:office@pedagoskimuzej.org.rs\">office@pedagoskimuzej.org.rs<\/a><\/p>\n<p>Bozidar Zejak, director, 011 2 625 621 i 063 223 991,<span>\u00a0<\/span><a href=\"mailto:bzejak@pedagoskimuzej.org.rs\">bzejak@pedagoskimuzej.org.rs<\/a><\/p>\n<p>Vesna Trajkovic, secretary, 011 2 627 538 i 069 791 009,<span>\u00a0<\/span><a href=\"mailto:vtrajkovic@pedagoskimuzej.org.rs\">vtrajkovic@pedagoskimuzej.org.rs<\/a><\/p>\n<p>Maja Nikolova, curator-adviser, 011 2 624 239 i 063 701 08 65,<span>\u00a0<\/span><a href=\"mailto:ngomusketar@hotmail.com\">ngomusketar@hotmail.com<\/a><\/p>\n<p>[\/et_pb_text][et_pb_image src=&#8221;http:\/\/pedagoskimuzej.org.rs\/wp-content\/uploads\/2022\/09\/cropped-logopedagoski1.png&#8221; title_text=&#8221;cropped-logopedagoski1&#8243; url=&#8221;http:\/\/pedagoskimuzej.org.rs\/?lang=en&#8221; _builder_version=&#8221;4.18.0&#8243; _module_preset=&#8221;default&#8221; global_colors_info=&#8221;{}&#8221; filter_brightness__hover_enabled=&#8221;on|hover&#8221; filter_brightness__hover=&#8221;80%&#8221;][\/et_pb_image][et_pb_text _builder_version=&#8221;4.18.0&#8243; _module_preset=&#8221;default&#8221; text_font=&#8221;Lato||||||||&#8221; text_text_color=&#8221;#bbbbbb&#8221; text_font_size=&#8221;16px&#8221; header_3_font=&#8221;Lato||||||||&#8221; header_3_text_color=&#8221;#bbbbbb&#8221; header_3_font_size=&#8221;26px&#8221; header_3_font_size_tablet=&#8221;26px&#8221; header_3_font_size_phone=&#8221;26px&#8221; header_3_font_size_last_edited=&#8221;on|phone&#8221; global_colors_info=&#8221;{}&#8221;]<\/p>\n<p>Opening hours:<br \/>Tuesday \u2013 Saturday: 10 \u2013 17<br \/>Sunday: 10 \u2013 15<br \/>Closed on Mondays<\/p>\n<p>The Museum has access for the handicapped.<br \/>Ticket prices:<br \/>Adults \u2013 150 RSD<br \/>Pupils, children, students and groups \u2013 100 RSD<br \/>Workshops \u2013 150 RSD<br \/>Free for children under 7 years<br \/>Guides through the Permanent exhibition are free of charge for group, more than 10 people,\u00a0 and have to be announced in advance by phone 011 2627-538, 011 2624-239 and 011 2625-621<\/p>\n<p>[\/et_pb_text][\/et_pb_column][\/et_pb_row][\/et_pb_section]<\/p>\n","protected":false},"excerpt":{"rendered":"<p>ContactEducational museum, 11000 Belgrade, Uzun Mirkova 14 Tel: 011 2627-538, 011 2624-239 and 011 2625-621 e-mail:\u00a0\u00a0office@pedagoskimuzej.org.rs Bozidar Zejak, director, 011 2 625 621 i 063 223 991,\u00a0bzejak@pedagoskimuzej.org.rs Vesna Trajkovic, secretary, 011 2 627 538 i 069 791 009,\u00a0vtrajkovic@pedagoskimuzej.org.rs Maja Nikolova, curator-adviser, 011 2 624 239 i 063 701 08 65,\u00a0ngomusketar@hotmail.comOpening hours:Tuesday \u2013 Saturday: 10 \u2013 [&hellip;]<\/p>\n","protected":false},"author":6,"featured_media":0,"parent":0,"menu_order":0,"comment_status":"closed","ping_status":"closed","template":"","meta":{"_et_pb_use_builder":"on","_et_pb_old_content":"","_et_gb_content_width":"","footnotes":""},"class_list":["post-961","page","type-page","status-publish","hentry"],"yoast_head":"<!-- This site is optimized with the Yoast SEO plugin v27.2 - https:\/\/yoast.com\/product\/yoast-seo-wordpress\/ -->\n<title>Contact - Pedago\u0161ki Muzej - \u010cuvar istorije srpskog\u0161kolstva<\/title>\n<meta name=\"robots\" content=\"index, follow, max-snippet:-1, max-image-preview:large, max-video-preview:-1\" \/>\n<link rel=\"canonical\" href=\"https:\/\/pedagoskimuzej.org.rs\/contact\/\" \/>\n<meta property=\"og:locale\" content=\"en_US\" \/>\n<meta property=\"og:type\" content=\"article\" \/>\n<meta property=\"og:title\" content=\"Contact - Pedago\u0161ki Muzej - \u010cuvar istorije srpskog\u0161kolstva\" \/>\n<meta property=\"og:description\" content=\"ContactEducational museum, 11000 Belgrade, Uzun Mirkova 14 Tel: 011 2627-538, 011 2624-239 and 011 2625-621 e-mail:\u00a0\u00a0office@pedagoskimuzej.org.rs Bozidar Zejak, director, 011 2 625 621 i 063 223 991,\u00a0bzejak@pedagoskimuzej.org.rs Vesna Trajkovic, secretary, 011 2 627 538 i 069 791 009,\u00a0vtrajkovic@pedagoskimuzej.org.rs Maja Nikolova, curator-adviser, 011 2 624 239 i 063 701 08 65,\u00a0ngomusketar@hotmail.comOpening hours:Tuesday \u2013 Saturday: 10 \u2013 [&hellip;]\" \/>\n<meta property=\"og:url\" content=\"https:\/\/pedagoskimuzej.org.rs\/contact\/\" \/>\n<meta property=\"og:site_name\" content=\"Pedago\u0161ki Muzej - \u010cuvar istorije srpskog\u0161kolstva\" \/>\n<meta property=\"article:modified_time\" content=\"2025-04-28T08:58:03+00:00\" \/>\n<meta name=\"twitter:card\" content=\"summary_large_image\" \/>\n<meta name=\"twitter:label1\" content=\"Est. reading time\" \/>\n\t<meta name=\"twitter:data1\" content=\"3 minutes\" \/>\n<script type=\"application\/ld+json\" class=\"yoast-schema-graph\">{\"@context\":\"https:\/\/schema.org\",\"@graph\":[{\"@type\":\"WebPage\",\"@id\":\"https:\/\/pedagoskimuzej.org.rs\/contact\/\",\"url\":\"https:\/\/pedagoskimuzej.org.rs\/contact\/\",\"name\":\"Contact - Pedago\u0161ki Muzej - \u010cuvar istorije srpskog\u0161kolstva\",\"isPartOf\":{\"@id\":\"https:\/\/pedagoskimuzej.org.rs\/#website\"},\"datePublished\":\"2022-09-07T11:09:07+00:00\",\"dateModified\":\"2025-04-28T08:58:03+00:00\",\"breadcrumb\":{\"@id\":\"https:\/\/pedagoskimuzej.org.rs\/contact\/#breadcrumb\"},\"inLanguage\":\"en-US\",\"potentialAction\":[{\"@type\":\"ReadAction\",\"target\":[\"https:\/\/pedagoskimuzej.org.rs\/contact\/\"]}]},{\"@type\":\"BreadcrumbList\",\"@id\":\"https:\/\/pedagoskimuzej.org.rs\/contact\/#breadcrumb\",\"itemListElement\":[{\"@type\":\"ListItem\",\"position\":1,\"name\":\"Po\u010detna\",\"item\":\"https:\/\/pedagoskimuzej.org.rs\/home\/\"},{\"@type\":\"ListItem\",\"position\":2,\"name\":\"Contact\"}]},{\"@type\":\"WebSite\",\"@id\":\"https:\/\/pedagoskimuzej.org.rs\/#website\",\"url\":\"https:\/\/pedagoskimuzej.org.rs\/\",\"name\":\"Pedago\u0161ki Muzej - \u010cuvar istorije srpskog\u0161kolstva\",\"description\":\"\",\"potentialAction\":[{\"@type\":\"SearchAction\",\"target\":{\"@type\":\"EntryPoint\",\"urlTemplate\":\"https:\/\/pedagoskimuzej.org.rs\/?s={search_term_string}\"},\"query-input\":{\"@type\":\"PropertyValueSpecification\",\"valueRequired\":true,\"valueName\":\"search_term_string\"}}],\"inLanguage\":\"en-US\"}]}<\/script>\n<!-- \/ Yoast SEO plugin. -->","yoast_head_json":{"title":"Contact - Pedago\u0161ki Muzej - \u010cuvar istorije srpskog\u0161kolstva","robots":{"index":"index","follow":"follow","max-snippet":"max-snippet:-1","max-image-preview":"max-image-preview:large","max-video-preview":"max-video-preview:-1"},"canonical":"https:\/\/pedagoskimuzej.org.rs\/contact\/","og_locale":"en_US","og_type":"article","og_title":"Contact - Pedago\u0161ki Muzej - \u010cuvar istorije srpskog\u0161kolstva","og_description":"ContactEducational museum, 11000 Belgrade, Uzun Mirkova 14 Tel: 011 2627-538, 011 2624-239 and 011 2625-621 e-mail:\u00a0\u00a0office@pedagoskimuzej.org.rs Bozidar Zejak, director, 011 2 625 621 i 063 223 991,\u00a0bzejak@pedagoskimuzej.org.rs Vesna Trajkovic, secretary, 011 2 627 538 i 069 791 009,\u00a0vtrajkovic@pedagoskimuzej.org.rs Maja Nikolova, curator-adviser, 011 2 624 239 i 063 701 08 65,\u00a0ngomusketar@hotmail.comOpening hours:Tuesday \u2013 Saturday: 10 \u2013 [&hellip;]","og_url":"https:\/\/pedagoskimuzej.org.rs\/contact\/","og_site_name":"Pedago\u0161ki Muzej - \u010cuvar istorije srpskog\u0161kolstva","article_modified_time":"2025-04-28T08:58:03+00:00","twitter_card":"summary_large_image","twitter_misc":{"Est. reading time":"3 minutes"},"schema":{"@context":"https:\/\/schema.org","@graph":[{"@type":"WebPage","@id":"https:\/\/pedagoskimuzej.org.rs\/contact\/","url":"https:\/\/pedagoskimuzej.org.rs\/contact\/","name":"Contact - Pedago\u0161ki Muzej - \u010cuvar istorije srpskog\u0161kolstva","isPartOf":{"@id":"https:\/\/pedagoskimuzej.org.rs\/#website"},"datePublished":"2022-09-07T11:09:07+00:00","dateModified":"2025-04-28T08:58:03+00:00","breadcrumb":{"@id":"https:\/\/pedagoskimuzej.org.rs\/contact\/#breadcrumb"},"inLanguage":"en-US","potentialAction":[{"@type":"ReadAction","target":["https:\/\/pedagoskimuzej.org.rs\/contact\/"]}]},{"@type":"BreadcrumbList","@id":"https:\/\/pedagoskimuzej.org.rs\/contact\/#breadcrumb","itemListElement":[{"@type":"ListItem","position":1,"name":"Po\u010detna","item":"https:\/\/pedagoskimuzej.org.rs\/home\/"},{"@type":"ListItem","position":2,"name":"Contact"}]},{"@type":"WebSite","@id":"https:\/\/pedagoskimuzej.org.rs\/#website","url":"https:\/\/pedagoskimuzej.org.rs\/","name":"Pedago\u0161ki Muzej - \u010cuvar istorije srpskog\u0161kolstva","description":"","potentialAction":[{"@type":"SearchAction","target":{"@type":"EntryPoint","urlTemplate":"https:\/\/pedagoskimuzej.org.rs\/?s={search_term_string}"},"query-input":{"@type":"PropertyValueSpecification","valueRequired":true,"valueName":"search_term_string"}}],"inLanguage":"en-US"}]}},"_links":{"self":[{"href":"https:\/\/pedagoskimuzej.org.rs\/en\/wp-json\/wp\/v2\/pages\/961","targetHints":{"allow":["GET"]}}],"collection":[{"href":"https:\/\/pedagoskimuzej.org.rs\/en\/wp-json\/wp\/v2\/pages"}],"about":[{"href":"https:\/\/pedagoskimuzej.org.rs\/en\/wp-json\/wp\/v2\/types\/page"}],"author":[{"embeddable":true,"href":"https:\/\/pedagoskimuzej.org.rs\/en\/wp-json\/wp\/v2\/users\/6"}],"replies":[{"embeddable":true,"href":"https:\/\/pedagoskimuzej.org.rs\/en\/wp-json\/wp\/v2\/comments?post=961"}],"version-history":[{"count":5,"href":"https:\/\/pedagoskimuzej.org.rs\/en\/wp-json\/wp\/v2\/pages\/961\/revisions"}],"predecessor-version":[{"id":1720,"href":"https:\/\/pedagoskimuzej.org.rs\/en\/wp-json\/wp\/v2\/pages\/961\/revisions\/1720"}],"wp:attachment":[{"href":"https:\/\/pedagoskimuzej.org.rs\/en\/wp-json\/wp\/v2\/media?parent=961"}],"curies":[{"name":"wp","href":"https:\/\/api.w.org\/{rel}","templated":true}]}}