{"id":911,"date":"2022-09-07T09:36:15","date_gmt":"2022-09-07T09:36:15","guid":{"rendered":"http:\/\/muzej.acocvetic.com\/?page_id=911"},"modified":"2022-09-08T08:29:24","modified_gmt":"2022-09-08T08:29:24","slug":"museum-history","status":"publish","type":"page","link":"https:\/\/pedagoskimuzej.org.rs\/en\/museum-history\/","title":{"rendered":"Museum\u2019s history"},"content":{"rendered":"<p>[et_pb_section fb_built=&#8221;1&#8243; _builder_version=&#8221;4.18.0&#8243; _module_preset=&#8221;default&#8221; background_image=&#8221;http:\/\/pedagoskimuzej.org.rs\/wp-content\/uploads\/2022\/09\/cropped-realka1-1400&#215;5002-1.jpg&#8221; custom_padding=&#8221;200px||200px||true|false&#8221; locked=&#8221;off&#8221; global_colors_info=&#8221;{}&#8221;][et_pb_row _builder_version=&#8221;4.18.0&#8243; _module_preset=&#8221;default&#8221; global_colors_info=&#8221;{}&#8221;][et_pb_column type=&#8221;4_4&#8243; _builder_version=&#8221;4.18.0&#8243; _module_preset=&#8221;default&#8221; global_colors_info=&#8221;{}&#8221;][\/et_pb_column][\/et_pb_row][\/et_pb_section][et_pb_section fb_built=&#8221;1&#8243; _builder_version=&#8221;4.18.0&#8243; _module_preset=&#8221;default&#8221; background_color=&#8221;#3e3e3e&#8221; custom_padding=&#8221;0px||0px||true|false&#8221; locked=&#8221;off&#8221; global_colors_info=&#8221;{}&#8221;][et_pb_row custom_padding_last_edited=&#8221;on|tablet&#8221; _builder_version=&#8221;4.18.0&#8243; _module_preset=&#8221;default&#8221; custom_padding=&#8221;30px||20px||false|false&#8221; custom_padding_tablet=&#8221;30px||20px||false|false&#8221; custom_padding_phone=&#8221;30px||20px||false|false&#8221; hover_enabled=&#8221;0&#8243; global_colors_info=&#8221;{}&#8221; width=&#8221;100%&#8221; max_width=&#8221;1200px&#8221; sticky_enabled=&#8221;0&#8243;][et_pb_column type=&#8221;4_4&#8243; _builder_version=&#8221;4.18.0&#8243; _module_preset=&#8221;default&#8221; global_colors_info=&#8221;{}&#8221;][et_pb_text _builder_version=&#8221;4.18.0&#8243; _module_preset=&#8221;default&#8221; header_font=&#8221;Lato||||||||&#8221; header_text_color=&#8221;#bbbbbb&#8221; header_font_size=&#8221;24px&#8221; hover_enabled=&#8221;0&#8243; global_colors_info=&#8221;{}&#8221; custom_padding_last_edited=&#8221;on|tablet&#8221; sticky_enabled=&#8221;0&#8243; custom_padding_tablet=&#8221;|20px||20px|false|true&#8221; custom_padding_phone=&#8221;|20px||20px|false|true&#8221;]<\/p>\n<h1 class=\"header-post-title-class\">Museum\u2019s history<\/h1>\n<p>[\/et_pb_text][\/et_pb_column][\/et_pb_row][\/et_pb_section][et_pb_section fb_built=&#8221;1&#8243; _builder_version=&#8221;4.18.0&#8243; _module_preset=&#8221;default&#8221; background_color=&#8221;#292929&#8243; custom_padding=&#8221;0px||||false|false&#8221; locked=&#8221;off&#8221; global_colors_info=&#8221;{}&#8221;][et_pb_row _builder_version=&#8221;4.18.0&#8243; _module_preset=&#8221;default&#8221; global_colors_info=&#8221;{}&#8221;][et_pb_column type=&#8221;4_4&#8243; _builder_version=&#8221;4.18.0&#8243; _module_preset=&#8221;default&#8221; global_colors_info=&#8221;{}&#8221;][et_pb_text _builder_version=&#8221;4.18.0&#8243; _module_preset=&#8221;default&#8221; text_font=&#8221;Lato||||||||&#8221; text_text_color=&#8221;#bbbbbb&#8221; text_font_size=&#8221;16px&#8221; header_3_font=&#8221;Lato||||||||&#8221; header_3_text_color=&#8221;#bbbbbb&#8221; header_3_font_size=&#8221;26px&#8221; text_orientation=&#8221;justified&#8221; header_3_font_size_tablet=&#8221;26px&#8221; header_3_font_size_phone=&#8221;26px&#8221; header_3_font_size_last_edited=&#8221;on|phone&#8221; global_colors_info=&#8221;{}&#8221;]<\/p>\n<p><a href=\"https:\/\/web.archive.org\/web\/20210113110329\/http:\/\/www.pedagoskimuzej.org.rs\/wp-content\/uploads\/2015\/05\/putnjiovic.jpg\"><img loading=\"lazy\" decoding=\"async\" class=\" size-medium wp-image-337 alignright\" src=\"https:\/\/web.archive.org\/web\/20210113110329im_\/http:\/\/www.pedagoskimuzej.org.rs\/wp-content\/uploads\/2015\/05\/putnjiovic-191x300.jpg\" alt=\"putnjiovic\" width=\"191\" height=\"300\" srcset=\"https:\/\/web.archive.org\/web\/20210113110329im_\/http:\/\/www.pedagoskimuzej.org.rs\/wp-content\/uploads\/2015\/05\/putnjiovic-191x300.jpg 191w, https:\/\/web.archive.org\/web\/20210113110329im_\/http:\/\/www.pedagoskimuzej.org.rs\/wp-content\/uploads\/2015\/05\/putnjiovic.jpg 517w\" sizes=\"(max-width: 191px) 100vw, 191px\" \/><\/a>The Educational Museum is one of the oldest institutions of that kind in Serbia. It was founded in 1896, at the initiative of The Association of Serbian Teachers, and with<span>\u00a0<\/span><em>the aim to collect and preserve teaching means and all other materials of historical value for primary schools and teachers<\/em>. During more than one century of existence, several tens of thousands of textbooks, teaching aids, photographs and documents have been collected to testify about the work of Serbian schools from the beginning of 19<sup>th<\/sup><span>\u00a0<\/span>century up to the present time. In this period, the Museum changed its premises several times, and from 1969, it has been settled in the building of Belgrade modern school (Real school), built around 1840, a former house of Cvetko Rajovi\u0107, the town governer.<\/p>\n<p><a href=\"https:\/\/web.archive.org\/web\/20210113110329\/http:\/\/www.pedagoskimuzej.org.rs\/wp-content\/uploads\/2015\/05\/IMG_0012.jpg\"><img loading=\"lazy\" decoding=\"async\" class=\" size-medium wp-image-220 alignleft\" src=\"https:\/\/web.archive.org\/web\/20210113110329im_\/http:\/\/www.pedagoskimuzej.org.rs\/wp-content\/uploads\/2015\/05\/IMG_0012-300x225.jpg\" alt=\"IMG_0012\" width=\"300\" height=\"225\" srcset=\"https:\/\/web.archive.org\/web\/20210113110329im_\/http:\/\/www.pedagoskimuzej.org.rs\/wp-content\/uploads\/2015\/05\/IMG_0012-300x225.jpg 300w, https:\/\/web.archive.org\/web\/20210113110329im_\/http:\/\/www.pedagoskimuzej.org.rs\/wp-content\/uploads\/2015\/05\/IMG_0012.jpg 400w\" sizes=\"(max-width: 300px) 100vw, 300px\" \/><\/a>Dimitrije J. Putnikovic (1859-1910) teacher, textbook writer was the first manager of Museum. The ceremony of opening was held in the Elementary school building near the Orthodox Cathedral on 24 November 1896 (old Julius calendar) on the day of Jovan Gavrilovic`s births. At the beginning of the 20<sup>th<\/sup><span>\u00a0<\/span>century, they collected important materials for the history of Serbian schooling and education. Unfortunately, during the World War I the Museum was destroyed.<\/p>\n<p>After the War, Museum was reconstructed in 1925. In the building of the Teacher\u2019s Home, in three large rooms, they opened exhibition with objects, which were classified according to the topic. Its visitors, the pupils and the teachers could see the insect\u2019s collections, zoological preparations, paintings, drawings, letters, and apparatus for science teaching, slide rules, pupils\u2019 works and relief maps.<\/p>\n<p>In World War II, the Museum was destroyed again. After War, in 1947, the Museum was reconstructed and was located within the Elementary School St. Sava. The Belgrade Town Assembly gave the many for its work, and today they still make possible its being.<br \/>The new concept of work and organization of the Museum is begun to exert after 1960, when The School Museum changes its name into The Educational Museum. Its works is divided in several sectors and the collections of Museum become richer. The Museum established relations with similar institutions in Zagreb and Ljubljana and together they publish the<span>\u00a0<\/span><em>Collection for the History of Schooling and Education<\/em>. The Museum was moved in building named Realka (Real school) and was opened permanent exhibition named<span>\u00a0<\/span><em>Ten centuries of Serbian school<\/em>, in 1975. The working conditions become much better and Museum started to become modem cultural institution.<br \/><a href=\"https:\/\/web.archive.org\/web\/20210113110329\/http:\/\/www.pedagoskimuzej.org.rs\/wp-content\/uploads\/2015\/05\/stalna006.jpg\"><img loading=\"lazy\" decoding=\"async\" class=\" size-medium wp-image-221 alignright\" src=\"https:\/\/web.archive.org\/web\/20210113110329im_\/http:\/\/www.pedagoskimuzej.org.rs\/wp-content\/uploads\/2015\/05\/stalna006-300x193.jpg\" alt=\"stalna006\" width=\"300\" height=\"193\" srcset=\"https:\/\/web.archive.org\/web\/20210113110329im_\/http:\/\/www.pedagoskimuzej.org.rs\/wp-content\/uploads\/2015\/05\/stalna006-300x193.jpg 300w, https:\/\/web.archive.org\/web\/20210113110329im_\/http:\/\/www.pedagoskimuzej.org.rs\/wp-content\/uploads\/2015\/05\/stalna006.jpg 400w\" sizes=\"(max-width: 300px) 100vw, 300px\" \/><\/a>Presently, the Museum collects the objects and documents, which are connected with the history of schooling, education and pedagogy in Serbia. We present the result of our research in permanent and occasional exhibitions as well as in catalogues and publications. In addition, we organize the lectures, the seminars, the workshops and other forms of cultural and educational events. In the first place, on the Permanent exhibition visitors can see original objects and documents, photographs and books, which related with the history of schools in Serbia from the nineteenth to the end of the 20 century.<\/p>\n<p>The Educational Museum takes care of more than 50000 objects \u2013 books, photographs, teacher aids, documents and other material, which represents a treasury of information about the development of schooling and education in Serbia. Those materials are classified into the few collections: Collection of textbooks and pedagogic literature, Collection of school equipment and teaching aids, Collection of school documentation and media center and Collection of archive materials and documentations. The publishing activity of the Museum should also be mentioned. The edition includes publications dealing with development of the schooling in Serbia over a period of as long as ten centuries.<\/p>\n<p>[\/et_pb_text][\/et_pb_column][\/et_pb_row][\/et_pb_section]<\/p>\n","protected":false},"excerpt":{"rendered":"<p>Museum\u2019s historyThe Educational Museum is one of the oldest institutions of that kind in Serbia. It was founded in 1896, at the initiative of The Association of Serbian Teachers, and with\u00a0the aim to collect and preserve teaching means and all other materials of historical value for primary schools and teachers. During more than one century [&hellip;]<\/p>\n","protected":false},"author":6,"featured_media":0,"parent":0,"menu_order":0,"comment_status":"closed","ping_status":"closed","template":"","meta":{"_et_pb_use_builder":"on","_et_pb_old_content":"<p>[et_pb_section fb_built=\"1\" _builder_version=\"4.18.0\" _module_preset=\"default\" background_image=\"http:\/\/pedagoskimuzej.org.rs\/wp-content\/uploads\/2022\/09\/cropped-realka1-1400x5002-1.jpg\" custom_padding=\"200px||200px||true|false\" locked=\"off\" global_colors_info=\"{}\"][et_pb_row _builder_version=\"4.18.0\" _module_preset=\"default\" global_colors_info=\"{}\"][et_pb_column type=\"4_4\" _builder_version=\"4.18.0\" _module_preset=\"default\" global_colors_info=\"{}\"][\/et_pb_column][\/et_pb_row][\/et_pb_section][et_pb_section fb_built=\"1\" _builder_version=\"4.18.0\" _module_preset=\"default\" background_color=\"#3e3e3e\" custom_padding=\"0px||0px||true|false\" locked=\"off\" global_colors_info=\"{}\"][et_pb_row custom_padding_last_edited=\"on|tablet\" _builder_version=\"4.18.0\" _module_preset=\"default\" custom_padding=\"30px||20px||false|false\" custom_padding_tablet=\"30px||20px||false|false\" custom_padding_phone=\"30px||20px||false|false\" global_colors_info=\"{}\"][et_pb_column type=\"4_4\" _builder_version=\"4.18.0\" _module_preset=\"default\" global_colors_info=\"{}\"][et_pb_text _builder_version=\"4.18.0\" _module_preset=\"default\" header_font=\"Lato||||||||\" header_text_color=\"#bbbbbb\" header_font_size=\"24px\" global_colors_info=\"{}\"]<\/p><h1 class=\"header-post-title-class\">Istorijat Muzeja<\/h1><p>[\/et_pb_text][\/et_pb_column][\/et_pb_row][\/et_pb_section][et_pb_section fb_built=\"1\" _builder_version=\"4.18.0\" _module_preset=\"default\" background_color=\"#292929\" custom_padding=\"0px||||false|false\" locked=\"off\" global_colors_info=\"{}\"][et_pb_row _builder_version=\"4.18.0\" _module_preset=\"default\" global_colors_info=\"{}\"][et_pb_column type=\"4_4\" _builder_version=\"4.18.0\" _module_preset=\"default\" global_colors_info=\"{}\"][et_pb_text _builder_version=\"4.18.0\" _module_preset=\"default\" text_font=\"Lato||||||||\" text_text_color=\"#bbbbbb\" text_font_size=\"16px\" header_3_font=\"Lato||||||||\" header_3_text_color=\"#bbbbbb\" header_3_font_size=\"26px\" hover_enabled=\"0\" header_3_font_size_tablet=\"26px\" header_3_font_size_phone=\"26px\" header_3_font_size_last_edited=\"on|phone\" global_colors_info=\"{}\" text_orientation=\"justified\" sticky_enabled=\"0\"]<\/p><p><a href=\"https:\/\/web.archive.org\/web\/20210113110329\/http:\/\/www.pedagoskimuzej.org.rs\/wp-content\/uploads\/2015\/05\/putnjiovic.jpg\"><img class=\" size-medium wp-image-337 alignright\" src=\"https:\/\/web.archive.org\/web\/20210113110329im_\/http:\/\/www.pedagoskimuzej.org.rs\/wp-content\/uploads\/2015\/05\/putnjiovic-191x300.jpg\" sizes=\"(max-width: 191px) 100vw, 191px\" srcset=\"https:\/\/web.archive.org\/web\/20210113110329im_\/http:\/\/www.pedagoskimuzej.org.rs\/wp-content\/uploads\/2015\/05\/putnjiovic-191x300.jpg 191w, https:\/\/web.archive.org\/web\/20210113110329im_\/http:\/\/www.pedagoskimuzej.org.rs\/wp-content\/uploads\/2015\/05\/putnjiovic.jpg 517w\" alt=\"putnjiovic\" width=\"191\" height=\"300\" \/><\/a>Pedago\u0161ki muzej je jedna od najstarijih institucija ove vrste u Srbiji. Na inicijativu U\u010diteljskog udru\u017eenja, a sa ciljem da prikuplja i \u010duva nastavna sredstva i sve druge predmete od istorijskog zna\u010daja za osnovne \u0161kole i u\u010ditelje, \u0160kolski muzej osnovan je 1896. godine. Tokom vi\u0161e od jednog veka postojanja, prikupljeno je nekoliko desetina hiljada ud\u017ebenika, nastavnih sredstava, fotografija i dokumenata koje svedeo\u010de o radu srpskih \u0161kola od po\u010detka 19. veka do danas. Tokom svog postojanja, Muzej se nekoliko puta selio, a od 1969. sme\u0161ten je u zgradu Beogradske realke, podignute oko 1840, odnosno u ku\u0107i Cvetka Rajovi\u0107a, tada\u0161njeg upravitelja varo\u0161i beogradske.<\/p><p><a href=\"https:\/\/web.archive.org\/web\/20210113110329\/http:\/\/www.pedagoskimuzej.org.rs\/wp-content\/uploads\/2015\/05\/IMG_0012.jpg\"><img class=\" size-medium wp-image-220 alignleft\" src=\"https:\/\/web.archive.org\/web\/20210113110329im_\/http:\/\/www.pedagoskimuzej.org.rs\/wp-content\/uploads\/2015\/05\/IMG_0012-300x225.jpg\" sizes=\"(max-width: 300px) 100vw, 300px\" srcset=\"https:\/\/web.archive.org\/web\/20210113110329im_\/http:\/\/www.pedagoskimuzej.org.rs\/wp-content\/uploads\/2015\/05\/IMG_0012-300x225.jpg 300w, https:\/\/web.archive.org\/web\/20210113110329im_\/http:\/\/www.pedagoskimuzej.org.rs\/wp-content\/uploads\/2015\/05\/IMG_0012.jpg 400w\" alt=\"IMG_0012\" width=\"300\" height=\"225\" \/><\/a>Dimitrije J. Putnikovi\u0107 (1859-1910), u\u010ditelj i pisac ud\u017ebenika, bio je prvi upravnik Muzeja. Ceremonija otvaranja odr\u017eana je u Osnovnoj \u0161koli kod Saborne crkve, 24. novembra 1896. (po starom kalendaru), na dan stogodi\u0161njice ro\u0111enja Jovana Gavrilovi\u0107a. Po\u010detkom 20. veka u Muzeju su se nalazila vredna dokumeta za istoriju srpskog \u0161kolstva i obrazovanja, ali, je, tokom Prvog svetskog rata sve bilo uni\u0161teno.<\/p><p>Posle rata, od 1925, Muzej je nastavio svoj rad u zgradi U\u010diteljskog doma gde je, u tri velike prostorije, bila otvorena izlo\u017eba sa eksponatima koji su bili klasifikovani prema temi. Njegovi posetioci, u\u010denici i nastavnici, mogli da vide kolekcije insekata, zoolo\u0161ke preparate, nastavne slike, crte\u017ee, reljefne mape i u\u010deni\u010dke radove.<\/p><p>U Drugom svetskom ratu, Muzej je ponovo bio uni\u0161ten. Posle rata, 1947, Muzej je bio rekonstruisan i sme\u0161ten u zgradu Osnovne \u0161kole Sveti Sava. Novi kocept rada\u00a0i organizacije Muzeja po\u010deo je da se primenjuje posle 1960, kada je \u0160kolski muzej promenio naziv u Pedago\u0161ki muzej. Rad Muzeja bio je podeljen u nekoliko sektora, a muzejske zbirke postale su bogatije. U tom periodu Muzej je uspostavio kontak sa sli\u010dnim institucijama u Zagrebu i Ljubljani, i zajedno sa njima, dugi niz godina, objavljivao \u201eZbornik za istoriju \u0161kolstva i prosvete\u201c. Godine 1969. Muzej je preme\u0161ten u zgradu Realke, gde je, 1975, otvorena \u00a0stalna izlo\u017ebena postavka pod nazivom \u201eDeset vekova srpske \u0161kole\u201c. Radni uslovi su postali mnogo bolji \u0161to je uticalo da Muzej postane moderna kulturna institucija.<\/p><p><a href=\"https:\/\/web.archive.org\/web\/20210113110329\/http:\/\/www.pedagoskimuzej.org.rs\/wp-content\/uploads\/2015\/05\/stalna006.jpg\"><img class=\" size-medium wp-image-221 alignright\" src=\"https:\/\/web.archive.org\/web\/20210113110329im_\/http:\/\/www.pedagoskimuzej.org.rs\/wp-content\/uploads\/2015\/05\/stalna006-300x193.jpg\" sizes=\"(max-width: 300px) 100vw, 300px\" srcset=\"https:\/\/web.archive.org\/web\/20210113110329im_\/http:\/\/www.pedagoskimuzej.org.rs\/wp-content\/uploads\/2015\/05\/stalna006-300x193.jpg 300w, https:\/\/web.archive.org\/web\/20210113110329im_\/http:\/\/www.pedagoskimuzej.org.rs\/wp-content\/uploads\/2015\/05\/stalna006.jpg 400w\" alt=\"stalna006\" width=\"300\" height=\"193\" \/><\/a>Sada, Muzej prikuplja predmete i dokumente, koji su povezani sa istorijom \u0161kolstva, prosvete i pedagogije u Srbiji. Rezultate svoga istra\u017eivanja, stru\u010dni tim Muzeja, predstavlja kroz Stalnu postavku i na tematskim izlo\u017ebama, kao i putem kataloga i publikacija. Naime, krajem 2007. u\u00a0 Pedago\u0161kom muzeju ponovo je otvorena nova Stalna izlo\u017ebena postavka koja na atraktivan na\u010din ukazuje na slo\u017eenu tematiku istorijskog razvoja \u0161kolstva i prosvete u Srbiji i me\u0111u \u00a0Srbima od samih po\u010detka pa do dana\u0161njih dana.<\/p><p>Pored toga, Muzej organizuje predavanja, seminare, radionice i druge oblike kulturnih i obrazovnih de\u0161avanja.<\/p><p>U Pedago\u0161kom muzeju se \u010duva vi\u0161e od 50000 predmeta, odnosno knjiga, fotografija, nastavnih sredstava, dokumenata i drugog materijala koji predstavljaju riznicu informacija o razvoju \u0161kolstva i obrazovanja u Srbiji. Svi eksponati svrstani su u nekoliko zbirki: Zbirka ud\u017ebenika i pedago\u0161ke literature, Zbirka \u0161kolske opreme i nastavnih sredstava, Zbirka \u0161kolske dokumentacije i medijateke i Zbirka arhivske gra\u0111e i dokumenata. Treba pomenuti i izdava\u010dku delatnost Muzeja, odnosno publikacije koje se bave razvojem \u0161kolstva u Srbiji i me\u0111u Srbima u periodu du\u017eem od dva veka.<\/p><p>[\/et_pb_text][\/et_pb_column][\/et_pb_row][\/et_pb_section]<\/p>","_et_gb_content_width":"","footnotes":""},"class_list":["post-911","page","type-page","status-publish","hentry"],"yoast_head":"<!-- This site is optimized with the Yoast SEO plugin v27.2 - https:\/\/yoast.com\/product\/yoast-seo-wordpress\/ -->\n<title>Museum\u2019s history - Pedago\u0161ki Muzej - \u010cuvar istorije srpskog\u0161kolstva<\/title>\n<meta name=\"robots\" content=\"index, follow, max-snippet:-1, max-image-preview:large, max-video-preview:-1\" \/>\n<link rel=\"canonical\" href=\"https:\/\/pedagoskimuzej.org.rs\/museum-history\/\" \/>\n<meta property=\"og:locale\" content=\"en_US\" \/>\n<meta property=\"og:type\" content=\"article\" \/>\n<meta property=\"og:title\" content=\"Museum\u2019s history - Pedago\u0161ki Muzej - \u010cuvar istorije srpskog\u0161kolstva\" \/>\n<meta property=\"og:description\" content=\"Museum\u2019s historyThe Educational Museum is one of the oldest institutions of that kind in Serbia. It was founded in 1896, at the initiative of The Association of Serbian Teachers, and with\u00a0the aim to collect and preserve teaching means and all other materials of historical value for primary schools and teachers. During more than one century [&hellip;]\" \/>\n<meta property=\"og:url\" content=\"https:\/\/pedagoskimuzej.org.rs\/museum-history\/\" \/>\n<meta property=\"og:site_name\" content=\"Pedago\u0161ki Muzej - \u010cuvar istorije srpskog\u0161kolstva\" \/>\n<meta property=\"article:modified_time\" content=\"2022-09-08T08:29:24+00:00\" \/>\n<meta property=\"og:image\" content=\"https:\/\/web.archive.org\/web\/20210113110329im_\/http:\/\/www.pedagoskimuzej.org.rs\/wp-content\/uploads\/2015\/05\/putnjiovic-191x300.jpg\" \/>\n<meta name=\"twitter:card\" content=\"summary_large_image\" \/>\n<meta name=\"twitter:label1\" content=\"Est. reading time\" \/>\n\t<meta name=\"twitter:data1\" content=\"5 minutes\" \/>\n<script type=\"application\/ld+json\" class=\"yoast-schema-graph\">{\"@context\":\"https:\/\/schema.org\",\"@graph\":[{\"@type\":\"WebPage\",\"@id\":\"https:\/\/pedagoskimuzej.org.rs\/museum-history\/\",\"url\":\"https:\/\/pedagoskimuzej.org.rs\/museum-history\/\",\"name\":\"Museum\u2019s history - Pedago\u0161ki Muzej - \u010cuvar istorije srpskog\u0161kolstva\",\"isPartOf\":{\"@id\":\"https:\/\/pedagoskimuzej.org.rs\/#website\"},\"primaryImageOfPage\":{\"@id\":\"https:\/\/pedagoskimuzej.org.rs\/museum-history\/#primaryimage\"},\"image\":{\"@id\":\"https:\/\/pedagoskimuzej.org.rs\/museum-history\/#primaryimage\"},\"thumbnailUrl\":\"https:\/\/web.archive.org\/web\/20210113110329im_\/http:\/\/www.pedagoskimuzej.org.rs\/wp-content\/uploads\/2015\/05\/putnjiovic-191x300.jpg\",\"datePublished\":\"2022-09-07T09:36:15+00:00\",\"dateModified\":\"2022-09-08T08:29:24+00:00\",\"breadcrumb\":{\"@id\":\"https:\/\/pedagoskimuzej.org.rs\/museum-history\/#breadcrumb\"},\"inLanguage\":\"en-US\",\"potentialAction\":[{\"@type\":\"ReadAction\",\"target\":[\"https:\/\/pedagoskimuzej.org.rs\/museum-history\/\"]}]},{\"@type\":\"ImageObject\",\"inLanguage\":\"en-US\",\"@id\":\"https:\/\/pedagoskimuzej.org.rs\/museum-history\/#primaryimage\",\"url\":\"https:\/\/web.archive.org\/web\/20210113110329im_\/http:\/\/www.pedagoskimuzej.org.rs\/wp-content\/uploads\/2015\/05\/putnjiovic-191x300.jpg\",\"contentUrl\":\"https:\/\/web.archive.org\/web\/20210113110329im_\/http:\/\/www.pedagoskimuzej.org.rs\/wp-content\/uploads\/2015\/05\/putnjiovic-191x300.jpg\"},{\"@type\":\"BreadcrumbList\",\"@id\":\"https:\/\/pedagoskimuzej.org.rs\/museum-history\/#breadcrumb\",\"itemListElement\":[{\"@type\":\"ListItem\",\"position\":1,\"name\":\"Po\u010detna\",\"item\":\"https:\/\/pedagoskimuzej.org.rs\/home\/\"},{\"@type\":\"ListItem\",\"position\":2,\"name\":\"Museum\u2019s history\"}]},{\"@type\":\"WebSite\",\"@id\":\"https:\/\/pedagoskimuzej.org.rs\/#website\",\"url\":\"https:\/\/pedagoskimuzej.org.rs\/\",\"name\":\"Pedago\u0161ki Muzej - \u010cuvar istorije srpskog\u0161kolstva\",\"description\":\"\",\"potentialAction\":[{\"@type\":\"SearchAction\",\"target\":{\"@type\":\"EntryPoint\",\"urlTemplate\":\"https:\/\/pedagoskimuzej.org.rs\/?s={search_term_string}\"},\"query-input\":{\"@type\":\"PropertyValueSpecification\",\"valueRequired\":true,\"valueName\":\"search_term_string\"}}],\"inLanguage\":\"en-US\"}]}<\/script>\n<!-- \/ Yoast SEO plugin. -->","yoast_head_json":{"title":"Museum\u2019s history - Pedago\u0161ki Muzej - \u010cuvar istorije srpskog\u0161kolstva","robots":{"index":"index","follow":"follow","max-snippet":"max-snippet:-1","max-image-preview":"max-image-preview:large","max-video-preview":"max-video-preview:-1"},"canonical":"https:\/\/pedagoskimuzej.org.rs\/museum-history\/","og_locale":"en_US","og_type":"article","og_title":"Museum\u2019s history - Pedago\u0161ki Muzej - \u010cuvar istorije srpskog\u0161kolstva","og_description":"Museum\u2019s historyThe Educational Museum is one of the oldest institutions of that kind in Serbia. It was founded in 1896, at the initiative of The Association of Serbian Teachers, and with\u00a0the aim to collect and preserve teaching means and all other materials of historical value for primary schools and teachers. During more than one century [&hellip;]","og_url":"https:\/\/pedagoskimuzej.org.rs\/museum-history\/","og_site_name":"Pedago\u0161ki Muzej - \u010cuvar istorije srpskog\u0161kolstva","article_modified_time":"2022-09-08T08:29:24+00:00","og_image":[{"url":"https:\/\/web.archive.org\/web\/20210113110329im_\/http:\/\/www.pedagoskimuzej.org.rs\/wp-content\/uploads\/2015\/05\/putnjiovic-191x300.jpg","type":"","width":"","height":""}],"twitter_card":"summary_large_image","twitter_misc":{"Est. reading time":"5 minutes"},"schema":{"@context":"https:\/\/schema.org","@graph":[{"@type":"WebPage","@id":"https:\/\/pedagoskimuzej.org.rs\/museum-history\/","url":"https:\/\/pedagoskimuzej.org.rs\/museum-history\/","name":"Museum\u2019s history - Pedago\u0161ki Muzej - \u010cuvar istorije srpskog\u0161kolstva","isPartOf":{"@id":"https:\/\/pedagoskimuzej.org.rs\/#website"},"primaryImageOfPage":{"@id":"https:\/\/pedagoskimuzej.org.rs\/museum-history\/#primaryimage"},"image":{"@id":"https:\/\/pedagoskimuzej.org.rs\/museum-history\/#primaryimage"},"thumbnailUrl":"https:\/\/web.archive.org\/web\/20210113110329im_\/http:\/\/www.pedagoskimuzej.org.rs\/wp-content\/uploads\/2015\/05\/putnjiovic-191x300.jpg","datePublished":"2022-09-07T09:36:15+00:00","dateModified":"2022-09-08T08:29:24+00:00","breadcrumb":{"@id":"https:\/\/pedagoskimuzej.org.rs\/museum-history\/#breadcrumb"},"inLanguage":"en-US","potentialAction":[{"@type":"ReadAction","target":["https:\/\/pedagoskimuzej.org.rs\/museum-history\/"]}]},{"@type":"ImageObject","inLanguage":"en-US","@id":"https:\/\/pedagoskimuzej.org.rs\/museum-history\/#primaryimage","url":"https:\/\/web.archive.org\/web\/20210113110329im_\/http:\/\/www.pedagoskimuzej.org.rs\/wp-content\/uploads\/2015\/05\/putnjiovic-191x300.jpg","contentUrl":"https:\/\/web.archive.org\/web\/20210113110329im_\/http:\/\/www.pedagoskimuzej.org.rs\/wp-content\/uploads\/2015\/05\/putnjiovic-191x300.jpg"},{"@type":"BreadcrumbList","@id":"https:\/\/pedagoskimuzej.org.rs\/museum-history\/#breadcrumb","itemListElement":[{"@type":"ListItem","position":1,"name":"Po\u010detna","item":"https:\/\/pedagoskimuzej.org.rs\/home\/"},{"@type":"ListItem","position":2,"name":"Museum\u2019s history"}]},{"@type":"WebSite","@id":"https:\/\/pedagoskimuzej.org.rs\/#website","url":"https:\/\/pedagoskimuzej.org.rs\/","name":"Pedago\u0161ki Muzej - \u010cuvar istorije srpskog\u0161kolstva","description":"","potentialAction":[{"@type":"SearchAction","target":{"@type":"EntryPoint","urlTemplate":"https:\/\/pedagoskimuzej.org.rs\/?s={search_term_string}"},"query-input":{"@type":"PropertyValueSpecification","valueRequired":true,"valueName":"search_term_string"}}],"inLanguage":"en-US"}]}},"_links":{"self":[{"href":"https:\/\/pedagoskimuzej.org.rs\/en\/wp-json\/wp\/v2\/pages\/911","targetHints":{"allow":["GET"]}}],"collection":[{"href":"https:\/\/pedagoskimuzej.org.rs\/en\/wp-json\/wp\/v2\/pages"}],"about":[{"href":"https:\/\/pedagoskimuzej.org.rs\/en\/wp-json\/wp\/v2\/types\/page"}],"author":[{"embeddable":true,"href":"https:\/\/pedagoskimuzej.org.rs\/en\/wp-json\/wp\/v2\/users\/6"}],"replies":[{"embeddable":true,"href":"https:\/\/pedagoskimuzej.org.rs\/en\/wp-json\/wp\/v2\/comments?post=911"}],"version-history":[{"count":5,"href":"https:\/\/pedagoskimuzej.org.rs\/en\/wp-json\/wp\/v2\/pages\/911\/revisions"}],"predecessor-version":[{"id":1028,"href":"https:\/\/pedagoskimuzej.org.rs\/en\/wp-json\/wp\/v2\/pages\/911\/revisions\/1028"}],"wp:attachment":[{"href":"https:\/\/pedagoskimuzej.org.rs\/en\/wp-json\/wp\/v2\/media?parent=911"}],"curies":[{"name":"wp","href":"https:\/\/api.w.org\/{rel}","templated":true}]}}