{"id":867,"date":"2022-09-06T09:24:04","date_gmt":"2022-09-06T09:24:04","guid":{"rendered":"http:\/\/muzej.acocvetic.com\/?page_id=867"},"modified":"2022-09-08T08:20:32","modified_gmt":"2022-09-08T08:20:32","slug":"home","status":"publish","type":"page","link":"https:\/\/pedagoskimuzej.org.rs\/en\/","title":{"rendered":"Home"},"content":{"rendered":"<p>[et_pb_section fb_built=&#8221;1&#8243; _builder_version=&#8221;4.18.0&#8243; _module_preset=&#8221;default&#8221; background_image=&#8221;http:\/\/pedagoskimuzej.org.rs\/wp-content\/uploads\/2022\/09\/cropped-realka1-1400&#215;5002-1.jpg&#8221; custom_padding=&#8221;200px||200px||true|false&#8221; global_colors_info=&#8221;{}&#8221;][et_pb_row _builder_version=&#8221;4.18.0&#8243; _module_preset=&#8221;default&#8221; global_colors_info=&#8221;{}&#8221;][et_pb_column type=&#8221;4_4&#8243; _builder_version=&#8221;4.18.0&#8243; _module_preset=&#8221;default&#8221; global_colors_info=&#8221;{}&#8221;][\/et_pb_column][\/et_pb_row][\/et_pb_section][et_pb_section fb_built=&#8221;1&#8243; _builder_version=&#8221;4.18.0&#8243; _module_preset=&#8221;default&#8221; background_color=&#8221;#292929&#8243; global_colors_info=&#8221;{}&#8221;][et_pb_row _builder_version=&#8221;4.18.0&#8243; _module_preset=&#8221;default&#8221; width=&#8221;100%&#8221; max_width=&#8221;1200px&#8221; global_colors_info=&#8221;{}&#8221;][et_pb_column type=&#8221;4_4&#8243; _builder_version=&#8221;4.18.0&#8243; _module_preset=&#8221;default&#8221; global_colors_info=&#8221;{}&#8221;][et_pb_text _builder_version=&#8221;4.18.0&#8243; _module_preset=&#8221;default&#8221; text_font=&#8221;Lato||||||||&#8221; text_text_color=&#8221;#bbbbbb&#8221; text_font_size=&#8221;16px&#8221; header_3_font=&#8221;Lato||||||||&#8221; header_3_text_color=&#8221;#bbbbbb&#8221; header_3_font_size=&#8221;26px&#8221; vertical_offset_tablet=&#8221;0&#8243; horizontal_offset_tablet=&#8221;0&#8243; hover_enabled=&#8221;0&#8243; header_3_font_size_tablet=&#8221;&#8221; header_3_font_size_phone=&#8221;&#8221; header_3_font_size_last_edited=&#8221;on|phone&#8221; z_index_tablet=&#8221;0&#8243; text_text_shadow_horizontal_length_tablet=&#8221;0px&#8221; text_text_shadow_vertical_length_tablet=&#8221;0px&#8221; text_text_shadow_blur_strength_tablet=&#8221;1px&#8221; link_text_shadow_horizontal_length_tablet=&#8221;0px&#8221; link_text_shadow_vertical_length_tablet=&#8221;0px&#8221; link_text_shadow_blur_strength_tablet=&#8221;1px&#8221; ul_text_shadow_horizontal_length_tablet=&#8221;0px&#8221; ul_text_shadow_vertical_length_tablet=&#8221;0px&#8221; ul_text_shadow_blur_strength_tablet=&#8221;1px&#8221; ol_text_shadow_horizontal_length_tablet=&#8221;0px&#8221; ol_text_shadow_vertical_length_tablet=&#8221;0px&#8221; ol_text_shadow_blur_strength_tablet=&#8221;1px&#8221; quote_text_shadow_horizontal_length_tablet=&#8221;0px&#8221; quote_text_shadow_vertical_length_tablet=&#8221;0px&#8221; quote_text_shadow_blur_strength_tablet=&#8221;1px&#8221; header_text_shadow_horizontal_length_tablet=&#8221;0px&#8221; header_text_shadow_vertical_length_tablet=&#8221;0px&#8221; header_text_shadow_blur_strength_tablet=&#8221;1px&#8221; header_2_text_shadow_horizontal_length_tablet=&#8221;0px&#8221; header_2_text_shadow_vertical_length_tablet=&#8221;0px&#8221; header_2_text_shadow_blur_strength_tablet=&#8221;1px&#8221; header_3_text_shadow_horizontal_length_tablet=&#8221;0px&#8221; header_3_text_shadow_vertical_length_tablet=&#8221;0px&#8221; header_3_text_shadow_blur_strength_tablet=&#8221;1px&#8221; header_4_text_shadow_horizontal_length_tablet=&#8221;0px&#8221; header_4_text_shadow_vertical_length_tablet=&#8221;0px&#8221; header_4_text_shadow_blur_strength_tablet=&#8221;1px&#8221; header_5_text_shadow_horizontal_length_tablet=&#8221;0px&#8221; header_5_text_shadow_vertical_length_tablet=&#8221;0px&#8221; header_5_text_shadow_blur_strength_tablet=&#8221;1px&#8221; header_6_text_shadow_horizontal_length_tablet=&#8221;0px&#8221; header_6_text_shadow_vertical_length_tablet=&#8221;0px&#8221; header_6_text_shadow_blur_strength_tablet=&#8221;1px&#8221; box_shadow_horizontal_tablet=&#8221;0px&#8221; box_shadow_vertical_tablet=&#8221;0px&#8221; box_shadow_blur_tablet=&#8221;40px&#8221; box_shadow_spread_tablet=&#8221;0px&#8221; global_colors_info=&#8221;{}&#8221; custom_padding_last_edited=&#8221;on|tablet&#8221; sticky_enabled=&#8221;0&#8243; custom_padding_tablet=&#8221;|20px||20px|false|true&#8221; text_orientation=&#8221;justified&#8221; custom_padding_phone=&#8221;|20px||20px|false|true&#8221;]<\/p>\n<h3 class=\"widget-title\">Museum of Pedagogy<\/h3>\n<p>For the past 120 years the Pedagogical Museum has heleped developing conciousness of Serbian spiritual heritage, vivifying all that is worth from Serbian educational tradition, establishing value judgements and maintaining link with the present. The Museum is, at the same time, the defender of Serbian spiritual being and reflection of Serbian school life. There are many valuable reasons for you to come and visit the Museum of Pedagogy.<\/p>\n<p>[\/et_pb_text][\/et_pb_column][\/et_pb_row][et_pb_row column_structure=&#8221;1_3,1_3,1_3&#8243; _builder_version=&#8221;4.18.0&#8243; _module_preset=&#8221;default&#8221; global_colors_info=&#8221;{}&#8221;][et_pb_column type=&#8221;1_3&#8243; _builder_version=&#8221;4.18.0&#8243; _module_preset=&#8221;default&#8221; global_colors_info=&#8221;{}&#8221;][et_pb_blurb title=&#8221;Collections&#8221; url=&#8221;http:\/\/pedagoskimuzej.org.rs\/en\/collections\/&#8221; url_new_window=&#8221;on&#8221; image=&#8221;http:\/\/pedagoskimuzej.org.rs\/wp-content\/uploads\/2022\/09\/zbirka-naslovna.jpg&#8221; _builder_version=&#8221;4.18.0&#8243; _module_preset=&#8221;default&#8221; header_font=&#8221;Lato||||||||&#8221; header_text_align=&#8221;center&#8221; header_text_color=&#8221;#aaaaaa&#8221; header_font_size=&#8221;22px&#8221; body_font=&#8221;Lato||||||||&#8221; body_text_align=&#8221;center&#8221; body_text_color=&#8221;#bbbbbb&#8221; body_font_size=&#8221;16px&#8221; global_colors_info=&#8221;{}&#8221; header_text_color__hover_enabled=&#8221;on|hover&#8221; header_text_color__hover=&#8221;#dd3333&#8243;]<\/p>\n<p><span>Explore the ritch collection of the Museum.<\/span><\/p>\n<p><span><\/span><\/p>\n<p>[\/et_pb_blurb][et_pb_button button_url=&#8221;http:\/\/pedagoskimuzej.org.rs\/en\/collections\/&#8221; button_text=&#8221;Read More&#8221; button_alignment=&#8221;center&#8221; _builder_version=&#8221;4.18.0&#8243; _module_preset=&#8221;default&#8221; custom_button=&#8221;on&#8221; button_text_size=&#8221;14px&#8221; button_text_color=&#8221;#dd3333&#8243; button_border_width=&#8221;0px&#8221; button_border_radius=&#8221;0px&#8221; button_font=&#8221;Lato||||||||&#8221; button_icon=&#8221;&#x35;||divi||400&#8243; global_colors_info=&#8221;{}&#8221; button_text_color__hover_enabled=&#8221;on|hover&#8221; button_bg_color__hover_enabled=&#8221;on|desktop&#8221; button_text_color__hover=&#8221;#dd3333&#8243;][\/et_pb_button][\/et_pb_column][et_pb_column type=&#8221;1_3&#8243; _builder_version=&#8221;4.18.0&#8243; _module_preset=&#8221;default&#8221; global_colors_info=&#8221;{}&#8221;][et_pb_blurb title=&#8221;Editions&#8221; url=&#8221;http:\/\/pedagoskimuzej.org.rs\/en\/publications\/&#8221; url_new_window=&#8221;on&#8221; image=&#8221;http:\/\/pedagoskimuzej.org.rs\/wp-content\/uploads\/2022\/09\/izdanja-featured.jpg&#8221; _builder_version=&#8221;4.18.0&#8243; _module_preset=&#8221;default&#8221; header_font=&#8221;Lato||||||||&#8221; header_text_align=&#8221;center&#8221; header_text_color=&#8221;#aaaaaa&#8221; header_font_size=&#8221;22px&#8221; body_font=&#8221;Lato||||||||&#8221; body_text_align=&#8221;center&#8221; body_text_color=&#8221;#bbbbbb&#8221; body_font_size=&#8221;16px&#8221; global_colors_info=&#8221;{}&#8221; header_text_color__hover_enabled=&#8221;on|hover&#8221; header_text_color__hover=&#8221;#dd3333&#8243;]<\/p>\n<p><span>Here, you can find the Museum\u2019s editions.<\/span><\/p>\n<p><span><\/span><\/p>\n<p>[\/et_pb_blurb][et_pb_button button_url=&#8221;http:\/\/pedagoskimuzej.org.rs\/en\/publications\/&#8221; button_text=&#8221;Read More&#8221; button_alignment=&#8221;center&#8221; _builder_version=&#8221;4.18.0&#8243; _module_preset=&#8221;default&#8221; custom_button=&#8221;on&#8221; button_text_size=&#8221;14px&#8221; button_text_color=&#8221;#dd3333&#8243; button_border_width=&#8221;0px&#8221; button_border_radius=&#8221;0px&#8221; button_font=&#8221;Lato||||||||&#8221; button_icon=&#8221;&#x35;||divi||400&#8243; global_colors_info=&#8221;{}&#8221; button_text_color__hover_enabled=&#8221;on|hover&#8221; button_bg_color__hover_enabled=&#8221;on|desktop&#8221; button_text_color__hover=&#8221;#dd3333&#8243;][\/et_pb_button][\/et_pb_column][et_pb_column type=&#8221;1_3&#8243; _builder_version=&#8221;4.18.0&#8243; _module_preset=&#8221;default&#8221; global_colors_info=&#8221;{}&#8221;][et_pb_blurb title=&#8221;Museum\u2019s history&#8221; url=&#8221;http:\/\/pedagoskimuzej.org.rs\/en\/museum-history\/&#8221; url_new_window=&#8221;on&#8221; image=&#8221;http:\/\/pedagoskimuzej.org.rs\/wp-content\/uploads\/2022\/09\/izdanja-featured-2.jpg&#8221; _builder_version=&#8221;4.18.0&#8243; _module_preset=&#8221;default&#8221; header_font=&#8221;Lato||||||||&#8221; header_text_align=&#8221;center&#8221; header_text_color=&#8221;#aaaaaa&#8221; header_font_size=&#8221;22px&#8221; body_font=&#8221;Lato||||||||&#8221; body_text_align=&#8221;center&#8221; body_text_color=&#8221;#bbbbbb&#8221; body_font_size=&#8221;16px&#8221; global_colors_info=&#8221;{}&#8221; header_text_color__hover_enabled=&#8221;on|hover&#8221; header_text_color__hover=&#8221;#dd3333&#8243;]<\/p>\n<p><span>The Museum has very ritch history that spans over 120 years.<\/span><\/p>\n<p>[\/et_pb_blurb][et_pb_button button_url=&#8221;http:\/\/pedagoskimuzej.org.rs\/en\/museum-history\/&#8221; button_text=&#8221;Read More&#8221; button_alignment=&#8221;center&#8221; _builder_version=&#8221;4.18.0&#8243; _module_preset=&#8221;default&#8221; custom_button=&#8221;on&#8221; button_text_size=&#8221;14px&#8221; button_text_color=&#8221;#dd3333&#8243; button_border_width=&#8221;0px&#8221; button_border_radius=&#8221;0px&#8221; button_font=&#8221;Lato||||||||&#8221; button_icon=&#8221;&#x35;||divi||400&#8243; global_colors_info=&#8221;{}&#8221; button_text_color__hover_enabled=&#8221;on|hover&#8221; button_bg_color__hover_enabled=&#8221;on|desktop&#8221; button_text_color__hover=&#8221;#dd3333&#8243;][\/et_pb_button][\/et_pb_column][\/et_pb_row][\/et_pb_section]<\/p>\n","protected":false},"excerpt":{"rendered":"<p>Museum of Pedagogy For the past 120 years the Pedagogical Museum has heleped developing conciousness of Serbian spiritual heritage, vivifying all that is worth from Serbian educational tradition, establishing value judgements and maintaining link with the present. The Museum is, at the same time, the defender of Serbian spiritual being and reflection of Serbian school [&hellip;]<\/p>\n","protected":false},"author":6,"featured_media":0,"parent":0,"menu_order":0,"comment_status":"closed","ping_status":"closed","template":"","meta":{"_et_pb_use_builder":"on","_et_pb_old_content":"<p>[et_pb_section fb_built=\"1\" _builder_version=\"4.18.0\" _module_preset=\"default\" background_image=\"http:\/\/pedagoskimuzej.org.rs\/wp-content\/uploads\/2022\/09\/cropped-realka1-1400x5002-1.jpg\" custom_padding=\"200px||200px||true|false\" global_colors_info=\"{}\"][et_pb_row _builder_version=\"4.18.0\" _module_preset=\"default\" global_colors_info=\"{}\"][et_pb_column type=\"4_4\" _builder_version=\"4.18.0\" _module_preset=\"default\" global_colors_info=\"{}\"][\/et_pb_column][\/et_pb_row][\/et_pb_section][et_pb_section fb_built=\"1\" _builder_version=\"4.18.0\" _module_preset=\"default\" background_color=\"#292929\" global_colors_info=\"{}\"][et_pb_row _builder_version=\"4.18.0\" _module_preset=\"default\" global_colors_info=\"{}\"][et_pb_column type=\"4_4\" _builder_version=\"4.18.0\" _module_preset=\"default\" global_colors_info=\"{}\"][et_pb_text _builder_version=\"4.18.0\" _module_preset=\"default\" text_font=\"Lato||||||||\" text_text_color=\"#bbbbbb\" text_font_size=\"16px\" header_3_font=\"Lato||||||||\" header_3_text_color=\"#bbbbbb\" header_3_font_size=\"26px\" header_3_font_size_tablet=\"26px\" header_3_font_size_phone=\"26px\" header_3_font_size_last_edited=\"on|phone\" global_colors_info=\"{}\"]<\/p><h3 class=\"widget-title\">Pedago\u0161ki muzej<\/h3><p>U minulih 120 godina postojanja i rada Pedago\u0161ki muzej razvijao je svest o srpskom duhovnom nasle\u0111u, o\u017eivljavao ono vredno iz srpske \u0161kolske tradicije, uspostavljao vrednosne sudove kao i komunikaciju sa sada\u0161no\u0161\u0107u. Muzej je, u isto vreme, odbrana indentiteta srpskog duhovnog bi\u0107a i ogledalo \u0161kolskog \u017eivota. Mnogo je zna\u010djanih razloga da posetite Pedago\u0161ki muzej.<\/p><p>[\/et_pb_text][\/et_pb_column][\/et_pb_row][et_pb_row column_structure=\"1_3,1_3,1_3\" _builder_version=\"4.18.0\" _module_preset=\"default\" global_colors_info=\"{}\"][et_pb_column type=\"1_3\" _builder_version=\"4.18.0\" _module_preset=\"default\" global_colors_info=\"{}\"][et_pb_blurb title=\"Zbirke\" url=\"http:\/\/pedagoskimuzej.org.rs\/zbirke\/\" url_new_window=\"on\" image=\"http:\/\/pedagoskimuzej.org.rs\/wp-content\/uploads\/2022\/09\/zbirka-naslovna.jpg\" _builder_version=\"4.18.0\" _module_preset=\"default\" header_font=\"Lato||||||||\" header_text_align=\"center\" header_text_color=\"#aaaaaa\" header_font_size=\"22px\" body_font=\"Lato||||||||\" body_text_align=\"center\" body_text_color=\"#bbbbbb\" body_font_size=\"16px\" hover_enabled=\"0\" global_colors_info=\"{}\" header_text_color__hover_enabled=\"on|hover\" header_text_color__hover=\"#dd3333\" title_text=\"zbirka-naslovna\" sticky_enabled=\"0\"]<\/p><p>Upoznajte se sa raznovrsnim zbirkama na\u0161eg Muzeja.<\/p><p>[\/et_pb_blurb][et_pb_button button_url=\"http:\/\/pedagoskimuzej.org.rs\/zbirke\/\" button_text=\"Pro\u010ditaj vi\u0161e\" button_alignment=\"center\" _builder_version=\"4.18.0\" _module_preset=\"default\" custom_button=\"on\" button_text_size=\"14px\" button_text_color=\"#dd3333\" button_border_width=\"0px\" button_border_radius=\"0px\" button_font=\"Lato||||||||\" button_icon=\"5||divi||400\" global_colors_info=\"{}\" button_text_color__hover_enabled=\"on|hover\" button_bg_color__hover_enabled=\"on|desktop\" button_text_color__hover=\"#dd3333\"][\/et_pb_button][\/et_pb_column][et_pb_column type=\"1_3\" _builder_version=\"4.18.0\" _module_preset=\"default\" global_colors_info=\"{}\"][et_pb_blurb title=\"Izdanja\" url=\"http:\/\/pedagoskimuzej.org.rs\/izdanja\/\" url_new_window=\"on\" image=\"http:\/\/pedagoskimuzej.org.rs\/wp-content\/uploads\/2022\/09\/izdanja-featured.jpg\" _builder_version=\"4.18.0\" _module_preset=\"default\" header_font=\"Lato||||||||\" header_text_align=\"center\" header_text_color=\"#aaaaaa\" header_font_size=\"22px\" body_font=\"Lato||||||||\" body_text_align=\"center\" body_text_color=\"#bbbbbb\" body_font_size=\"16px\" global_colors_info=\"{}\" header_text_color__hover_enabled=\"on|hover\" header_text_color__hover=\"#dd3333\"]<\/p><p>Pogledajte izdanja na\u0161eg Muzeja.<\/p><p>\u00a0<\/p><p>[\/et_pb_blurb][et_pb_button button_url=\"http:\/\/pedagoskimuzej.org.rs\/izdanja\/\" button_text=\"Pro\u010ditaj vi\u0161e\" button_alignment=\"center\" _builder_version=\"4.18.0\" _module_preset=\"default\" custom_button=\"on\" button_text_size=\"14px\" button_text_color=\"#dd3333\" button_border_width=\"0px\" button_border_radius=\"0px\" button_font=\"Lato||||||||\" button_icon=\"5||divi||400\" global_colors_info=\"{}\" button_text_color__hover_enabled=\"on|hover\" button_bg_color__hover_enabled=\"on|desktop\" button_text_color__hover=\"#dd3333\"][\/et_pb_button][\/et_pb_column][et_pb_column type=\"1_3\" _builder_version=\"4.18.0\" _module_preset=\"default\" global_colors_info=\"{}\"][et_pb_blurb title=\"Istorijat muzeja\" url=\"http:\/\/pedagoskimuzej.org.rs\/istorijat-muzeja\/\" url_new_window=\"on\" image=\"http:\/\/pedagoskimuzej.org.rs\/wp-content\/uploads\/2022\/09\/izdanja-featured-2.jpg\" _builder_version=\"4.18.0\" _module_preset=\"default\" header_font=\"Lato||||||||\" header_text_align=\"center\" header_text_color=\"#aaaaaa\" header_font_size=\"22px\" body_font=\"Lato||||||||\" body_text_align=\"center\" body_text_color=\"#bbbbbb\" body_font_size=\"16px\" global_colors_info=\"{}\" header_text_color__hover_enabled=\"on|hover\" header_text_color__hover=\"#dd3333\"]<\/p><p>Informi\u0161ite se podrobnije o dugoj i bogatoj istoriji Pedago\u0161kog muzeja\u2026<\/p><p>[\/et_pb_blurb][et_pb_button button_url=\"http:\/\/pedagoskimuzej.org.rs\/istorijat-muzeja\/\" button_text=\"Pro\u010ditaj vi\u0161e\" button_alignment=\"center\" _builder_version=\"4.18.0\" _module_preset=\"default\" custom_button=\"on\" button_text_size=\"14px\" button_text_color=\"#dd3333\" button_border_width=\"0px\" button_border_radius=\"0px\" button_font=\"Lato||||||||\" button_icon=\"5||divi||400\" global_colors_info=\"{}\" button_text_color__hover_enabled=\"on|hover\" button_bg_color__hover_enabled=\"on|desktop\" button_text_color__hover=\"#dd3333\"][\/et_pb_button][\/et_pb_column][\/et_pb_row][\/et_pb_section]<\/p>","_et_gb_content_width":"","footnotes":""},"class_list":["post-867","page","type-page","status-publish","hentry"],"yoast_head":"<!-- This site is optimized with the Yoast SEO plugin v27.2 - https:\/\/yoast.com\/product\/yoast-seo-wordpress\/ -->\n<title>Home - Pedago\u0161ki Muzej - \u010cuvar istorije srpskog\u0161kolstva<\/title>\n<meta name=\"robots\" content=\"index, follow, max-snippet:-1, max-image-preview:large, max-video-preview:-1\" \/>\n<link rel=\"canonical\" href=\"https:\/\/pedagoskimuzej.org.rs\/home\/\" \/>\n<meta property=\"og:locale\" content=\"en_US\" \/>\n<meta property=\"og:type\" content=\"article\" \/>\n<meta property=\"og:title\" content=\"Home - Pedago\u0161ki Muzej - \u010cuvar istorije srpskog\u0161kolstva\" \/>\n<meta property=\"og:description\" content=\"Museum of Pedagogy For the past 120 years the Pedagogical Museum has heleped developing conciousness of Serbian spiritual heritage, vivifying all that is worth from Serbian educational tradition, establishing value judgements and maintaining link with the present. The Museum is, at the same time, the defender of Serbian spiritual being and reflection of Serbian school [&hellip;]\" \/>\n<meta property=\"og:url\" content=\"https:\/\/pedagoskimuzej.org.rs\/home\/\" \/>\n<meta property=\"og:site_name\" content=\"Pedago\u0161ki Muzej - \u010cuvar istorije srpskog\u0161kolstva\" \/>\n<meta property=\"article:modified_time\" content=\"2022-09-08T08:20:32+00:00\" \/>\n<meta name=\"twitter:card\" content=\"summary_large_image\" \/>\n<meta name=\"twitter:label1\" content=\"Est. reading time\" \/>\n\t<meta name=\"twitter:data1\" content=\"5 minutes\" \/>\n<script type=\"application\/ld+json\" class=\"yoast-schema-graph\">{\"@context\":\"https:\/\/schema.org\",\"@graph\":[{\"@type\":\"WebPage\",\"@id\":\"https:\/\/pedagoskimuzej.org.rs\/home\/\",\"url\":\"https:\/\/pedagoskimuzej.org.rs\/home\/\",\"name\":\"Home - Pedago\u0161ki Muzej - \u010cuvar istorije srpskog\u0161kolstva\",\"isPartOf\":{\"@id\":\"https:\/\/pedagoskimuzej.org.rs\/#website\"},\"datePublished\":\"2022-09-06T09:24:04+00:00\",\"dateModified\":\"2022-09-08T08:20:32+00:00\",\"breadcrumb\":{\"@id\":\"https:\/\/pedagoskimuzej.org.rs\/home\/#breadcrumb\"},\"inLanguage\":\"en-US\",\"potentialAction\":[{\"@type\":\"ReadAction\",\"target\":[\"https:\/\/pedagoskimuzej.org.rs\/home\/\"]}]},{\"@type\":\"BreadcrumbList\",\"@id\":\"https:\/\/pedagoskimuzej.org.rs\/home\/#breadcrumb\",\"itemListElement\":[{\"@type\":\"ListItem\",\"position\":1,\"name\":\"Po\u010detna\",\"item\":\"https:\/\/pedagoskimuzej.org.rs\/home\/\"},{\"@type\":\"ListItem\",\"position\":2,\"name\":\"Home\"}]},{\"@type\":\"WebSite\",\"@id\":\"https:\/\/pedagoskimuzej.org.rs\/#website\",\"url\":\"https:\/\/pedagoskimuzej.org.rs\/\",\"name\":\"Pedago\u0161ki Muzej - \u010cuvar istorije srpskog\u0161kolstva\",\"description\":\"\",\"potentialAction\":[{\"@type\":\"SearchAction\",\"target\":{\"@type\":\"EntryPoint\",\"urlTemplate\":\"https:\/\/pedagoskimuzej.org.rs\/?s={search_term_string}\"},\"query-input\":{\"@type\":\"PropertyValueSpecification\",\"valueRequired\":true,\"valueName\":\"search_term_string\"}}],\"inLanguage\":\"en-US\"}]}<\/script>\n<!-- \/ Yoast SEO plugin. -->","yoast_head_json":{"title":"Home - Pedago\u0161ki Muzej - \u010cuvar istorije srpskog\u0161kolstva","robots":{"index":"index","follow":"follow","max-snippet":"max-snippet:-1","max-image-preview":"max-image-preview:large","max-video-preview":"max-video-preview:-1"},"canonical":"https:\/\/pedagoskimuzej.org.rs\/home\/","og_locale":"en_US","og_type":"article","og_title":"Home - Pedago\u0161ki Muzej - \u010cuvar istorije srpskog\u0161kolstva","og_description":"Museum of Pedagogy For the past 120 years the Pedagogical Museum has heleped developing conciousness of Serbian spiritual heritage, vivifying all that is worth from Serbian educational tradition, establishing value judgements and maintaining link with the present. The Museum is, at the same time, the defender of Serbian spiritual being and reflection of Serbian school [&hellip;]","og_url":"https:\/\/pedagoskimuzej.org.rs\/home\/","og_site_name":"Pedago\u0161ki Muzej - \u010cuvar istorije srpskog\u0161kolstva","article_modified_time":"2022-09-08T08:20:32+00:00","twitter_card":"summary_large_image","twitter_misc":{"Est. reading time":"5 minutes"},"schema":{"@context":"https:\/\/schema.org","@graph":[{"@type":"WebPage","@id":"https:\/\/pedagoskimuzej.org.rs\/home\/","url":"https:\/\/pedagoskimuzej.org.rs\/home\/","name":"Home - Pedago\u0161ki Muzej - \u010cuvar istorije srpskog\u0161kolstva","isPartOf":{"@id":"https:\/\/pedagoskimuzej.org.rs\/#website"},"datePublished":"2022-09-06T09:24:04+00:00","dateModified":"2022-09-08T08:20:32+00:00","breadcrumb":{"@id":"https:\/\/pedagoskimuzej.org.rs\/home\/#breadcrumb"},"inLanguage":"en-US","potentialAction":[{"@type":"ReadAction","target":["https:\/\/pedagoskimuzej.org.rs\/home\/"]}]},{"@type":"BreadcrumbList","@id":"https:\/\/pedagoskimuzej.org.rs\/home\/#breadcrumb","itemListElement":[{"@type":"ListItem","position":1,"name":"Po\u010detna","item":"https:\/\/pedagoskimuzej.org.rs\/home\/"},{"@type":"ListItem","position":2,"name":"Home"}]},{"@type":"WebSite","@id":"https:\/\/pedagoskimuzej.org.rs\/#website","url":"https:\/\/pedagoskimuzej.org.rs\/","name":"Pedago\u0161ki Muzej - \u010cuvar istorije srpskog\u0161kolstva","description":"","potentialAction":[{"@type":"SearchAction","target":{"@type":"EntryPoint","urlTemplate":"https:\/\/pedagoskimuzej.org.rs\/?s={search_term_string}"},"query-input":{"@type":"PropertyValueSpecification","valueRequired":true,"valueName":"search_term_string"}}],"inLanguage":"en-US"}]}},"_links":{"self":[{"href":"https:\/\/pedagoskimuzej.org.rs\/en\/wp-json\/wp\/v2\/pages\/867","targetHints":{"allow":["GET"]}}],"collection":[{"href":"https:\/\/pedagoskimuzej.org.rs\/en\/wp-json\/wp\/v2\/pages"}],"about":[{"href":"https:\/\/pedagoskimuzej.org.rs\/en\/wp-json\/wp\/v2\/types\/page"}],"author":[{"embeddable":true,"href":"https:\/\/pedagoskimuzej.org.rs\/en\/wp-json\/wp\/v2\/users\/6"}],"replies":[{"embeddable":true,"href":"https:\/\/pedagoskimuzej.org.rs\/en\/wp-json\/wp\/v2\/comments?post=867"}],"version-history":[{"count":7,"href":"https:\/\/pedagoskimuzej.org.rs\/en\/wp-json\/wp\/v2\/pages\/867\/revisions"}],"predecessor-version":[{"id":1027,"href":"https:\/\/pedagoskimuzej.org.rs\/en\/wp-json\/wp\/v2\/pages\/867\/revisions\/1027"}],"wp:attachment":[{"href":"https:\/\/pedagoskimuzej.org.rs\/en\/wp-json\/wp\/v2\/media?parent=867"}],"curies":[{"name":"wp","href":"https:\/\/api.w.org\/{rel}","templated":true}]}}